{"id":47,"date":"2015-11-06T03:12:57","date_gmt":"2015-11-06T02:12:57","guid":{"rendered":"https:\/\/villanautilustamarindo.com\/es\/accueil\/"},"modified":"2025-12-29T10:45:54","modified_gmt":"2025-12-29T09:45:54","slug":"accueil","status":"publish","type":"page","link":"https:\/\/villanautilustamarindo.com\/es\/","title":{"rendered":"Villa Nautilus"},"content":{"rendered":"<p>Villa Nautilus es una encantadora y distintiva casa de hu\u00e9spedes\/bed and breakfast, un lugar \u00fanico en este magn\u00edfico pa\u00eds.<\/p>\n<p>Porque una casa de hu\u00e9spedes es m\u00e1s acogedora que un hotel y muy diferente a alojarse en un apartamento est\u00e1ndar, y porque Costa Rica es un pa\u00eds \u00fanico y Tamarindo es verdaderamente \u00fanico, creamos Villa Nautilus. Su originalidad satisfar\u00e1 a la perfecci\u00f3n sus deseos de un cambio de aires, todo a solo unos cientos de metros de la playa.<\/p>\n<p><img loading=\"lazy\" decoding=\"async\" class=\"aligncenter size-large wp-image-107\" src=\"https:\/\/villanautilustamarindo.com\/wp-content\/uploads\/2015\/12\/Slide-326-1024x512.jpg\" alt=\"Slide-3(26)\" width=\"930\" height=\"465\" srcset=\"https:\/\/villanautilustamarindo.com\/wp-content\/uploads\/2015\/12\/Slide-326-1024x512.jpg 1024w, https:\/\/villanautilustamarindo.com\/wp-content\/uploads\/2015\/12\/Slide-326-300x150.jpg 300w, https:\/\/villanautilustamarindo.com\/wp-content\/uploads\/2015\/12\/Slide-326-768x384.jpg 768w, https:\/\/villanautilustamarindo.com\/wp-content\/uploads\/2015\/12\/Slide-326-930x465.jpg 930w, https:\/\/villanautilustamarindo.com\/wp-content\/uploads\/2015\/12\/Slide-326.jpg 1600w\" sizes=\"auto, (max-width: 930px) 100vw, 930px\" \/><\/p>\n<p>La villa le ofrece la opci\u00f3n de alojarse en habitaciones o disfrutar de una cocina totalmente equipada en sus estudios. Esta versatilidad nos permite satisfacer todas sus necesidades.<\/p>\n<p>Bah\u00eda Tamarindo es reconocida como una de las playas m\u00e1s hermosas del pa\u00eds, con kil\u00f3metros de arena dorada rodeada por la reserva natural protegida \u00abMarino las Baulas\u00bb, que goza de un sol excepcional durante todo el a\u00f1o.<\/p>\n<p>Playa Tamarindo, que originalmente era un peque\u00f1o pueblo pesquero, no se ha convertido en uno de los tres destinos favoritos de Costa Rica por casualidad, seg\u00fan los usuarios de TripAdvisor. Estudios tur\u00edsticos recientes muestran que muchos visitantes eligen la Costa Dorada de Ganacaste, y m\u00e1s espec\u00edficamente Tamarindo, tanto para llegar como para salir, gracias a la facilidad del Aeropuerto Internacional Daniel Oduber de Liberia (LIB), a solo una hora en coche, y para explorar el pa\u00eds.<\/p>\n<p>Villa Nautilus en Tamarindo est\u00e1 dise\u00f1ada para ser un lugar para vivir, compartir y reunirse. Como propietarios y administradores, siempre estamos disponibles para satisfacer sus deseos con la m\u00e1xima discreci\u00f3n y respeto por su privacidad.<br \/>\nNos dedicamos a garantizar que disfrute de la mejor estancia posible con nosotros en este peque\u00f1o rinc\u00f3n del para\u00edso. Venga a compartir algo especial que har\u00e1 que sus vacaciones en Costa Rica sean a\u00fan m\u00e1s \u00fanicas.<\/p>\n<p>Pura Vida.<\/p>\n","protected":false},"excerpt":{"rendered":"<p>Villa Nautilus es una encantadora y distintiva casa de hu\u00e9spedes\/bed and breakfast, un lugar \u00fanico en este magn\u00edfico pa\u00eds. Porque una casa de hu\u00e9spedes es m\u00e1s acogedora que un hotel y muy diferente a alojarse en un apartamento est\u00e1ndar, y porque Costa Rica es un pa\u00eds \u00fanico y Tamarindo es verdaderamente \u00fanico, creamos Villa Nautilus. [&hellip;]<\/p>\n","protected":false},"author":1,"featured_media":0,"parent":0,"menu_order":0,"comment_status":"closed","ping_status":"closed","template":"","meta":{"footnotes":""},"class_list":["post-47","page","type-page","status-publish","hentry"],"yoast_head":"<!-- This site is optimized with the Yoast SEO plugin v26.6 - https:\/\/yoast.com\/wordpress\/plugins\/seo\/ -->\n<title>Villa Nautilus - Location vacances au Costa Rica<\/title>\n<meta name=\"description\" content=\"La villa Nautilus est une\u00a0Guest House B&amp;B\u00a0de charme et de caract\u00e8re, avec piscine, un endroit diff\u00e9rent de ce que l&#039;on peut trouver dans ce somptueux pays.\" \/>\n<meta name=\"robots\" content=\"index, follow, max-snippet:-1, max-image-preview:large, max-video-preview:-1\" \/>\n<link rel=\"canonical\" href=\"https:\/\/villanautilustamarindo.com\/es\/\" \/>\n<meta property=\"og:locale\" content=\"es_ES\" \/>\n<meta property=\"og:type\" content=\"article\" \/>\n<meta property=\"og:title\" content=\"Villa Nautilus - Location vacances au Costa Rica\" \/>\n<meta property=\"og:description\" content=\"La villa Nautilus est une\u00a0Guest House B&amp;B\u00a0de charme et de caract\u00e8re, avec piscine, un endroit diff\u00e9rent de ce que l&#039;on peut trouver dans ce somptueux pays.\" \/>\n<meta property=\"og:url\" content=\"https:\/\/villanautilustamarindo.com\/es\/\" \/>\n<meta property=\"og:site_name\" content=\"Villa Nautilus\" \/>\n<meta property=\"article:publisher\" content=\"https:\/\/www.facebook.com\/VillaNautilusTamarindo\" \/>\n<meta property=\"article:modified_time\" content=\"2025-12-29T09:45:54+00:00\" \/>\n<meta property=\"og:image\" content=\"https:\/\/villanautilustamarindo.com\/wp-content\/uploads\/2015\/12\/Slide-326.jpg\" \/>\n\t<meta property=\"og:image:width\" content=\"1600\" \/>\n\t<meta property=\"og:image:height\" content=\"800\" \/>\n\t<meta property=\"og:image:type\" content=\"image\/jpeg\" \/>\n<meta name=\"twitter:card\" content=\"summary_large_image\" \/>\n<meta name=\"twitter:label1\" content=\"Tiempo de lectura\" \/>\n\t<meta name=\"twitter:data1\" content=\"2 minutos\" \/>\n<script type=\"application\/ld+json\" class=\"yoast-schema-graph\">{\"@context\":\"https:\/\/schema.org\",\"@graph\":[{\"@type\":\"WebPage\",\"@id\":\"https:\/\/villanautilustamarindo.com\/es\/\",\"url\":\"https:\/\/villanautilustamarindo.com\/es\/\",\"name\":\"Villa Nautilus - Location vacances au Costa Rica\",\"isPartOf\":{\"@id\":\"https:\/\/villanautilustamarindo.com\/es\/#website\"},\"primaryImageOfPage\":{\"@id\":\"https:\/\/villanautilustamarindo.com\/es\/#primaryimage\"},\"image\":{\"@id\":\"https:\/\/villanautilustamarindo.com\/es\/#primaryimage\"},\"thumbnailUrl\":\"https:\/\/villanautilustamarindo.com\/wp-content\/uploads\/2015\/12\/Slide-326-1024x512.jpg\",\"datePublished\":\"2015-11-06T02:12:57+00:00\",\"dateModified\":\"2025-12-29T09:45:54+00:00\",\"description\":\"La villa Nautilus est une\u00a0Guest House B&B\u00a0de charme et de caract\u00e8re, avec piscine, un endroit diff\u00e9rent de ce que l'on peut trouver dans ce somptueux pays.\",\"breadcrumb\":{\"@id\":\"https:\/\/villanautilustamarindo.com\/es\/#breadcrumb\"},\"inLanguage\":\"es\",\"potentialAction\":[{\"@type\":\"ReadAction\",\"target\":[\"https:\/\/villanautilustamarindo.com\/es\/\"]}]},{\"@type\":\"ImageObject\",\"inLanguage\":\"es\",\"@id\":\"https:\/\/villanautilustamarindo.com\/es\/#primaryimage\",\"url\":\"https:\/\/villanautilustamarindo.com\/wp-content\/uploads\/2015\/12\/Slide-326-1024x512.jpg\",\"contentUrl\":\"https:\/\/villanautilustamarindo.com\/wp-content\/uploads\/2015\/12\/Slide-326-1024x512.jpg\"},{\"@type\":\"BreadcrumbList\",\"@id\":\"https:\/\/villanautilustamarindo.com\/es\/#breadcrumb\",\"itemListElement\":[{\"@type\":\"ListItem\",\"position\":1,\"name\":\"Accueil\",\"item\":\"https:\/\/villanautilustamarindo.com\/es\/?lang=es\"},{\"@type\":\"ListItem\",\"position\":2,\"name\":\"Villa Nautilus\"}]},{\"@type\":\"WebSite\",\"@id\":\"https:\/\/villanautilustamarindo.com\/es\/#website\",\"url\":\"https:\/\/villanautilustamarindo.com\/es\/\",\"name\":\"Villa Nautilus\",\"description\":\"\",\"publisher\":{\"@id\":\"https:\/\/villanautilustamarindo.com\/es\/#organization\"},\"potentialAction\":[{\"@type\":\"SearchAction\",\"target\":{\"@type\":\"EntryPoint\",\"urlTemplate\":\"https:\/\/villanautilustamarindo.com\/es\/?s={search_term_string}\"},\"query-input\":{\"@type\":\"PropertyValueSpecification\",\"valueRequired\":true,\"valueName\":\"search_term_string\"}}],\"inLanguage\":\"es\"},{\"@type\":\"Organization\",\"@id\":\"https:\/\/villanautilustamarindo.com\/es\/#organization\",\"name\":\"Villa Nautilus\",\"url\":\"https:\/\/villanautilustamarindo.com\/es\/\",\"logo\":{\"@type\":\"ImageObject\",\"inLanguage\":\"es\",\"@id\":\"https:\/\/villanautilustamarindo.com\/es\/#\/schema\/logo\/image\/\",\"url\":\"https:\/\/villanautilustamarindo.com\/wp-content\/uploads\/2015\/11\/logo-250px.png\",\"contentUrl\":\"https:\/\/villanautilustamarindo.com\/wp-content\/uploads\/2015\/11\/logo-250px.png\",\"width\":250,\"height\":166,\"caption\":\"Villa Nautilus\"},\"image\":{\"@id\":\"https:\/\/villanautilustamarindo.com\/es\/#\/schema\/logo\/image\/\"},\"sameAs\":[\"https:\/\/www.facebook.com\/VillaNautilusTamarindo\"]}]}<\/script>\n<!-- \/ Yoast SEO plugin. -->","yoast_head_json":{"title":"Villa Nautilus - Location vacances au Costa Rica","description":"La villa Nautilus est une\u00a0Guest House B&B\u00a0de charme et de caract\u00e8re, avec piscine, un endroit diff\u00e9rent de ce que l'on peut trouver dans ce somptueux pays.","robots":{"index":"index","follow":"follow","max-snippet":"max-snippet:-1","max-image-preview":"max-image-preview:large","max-video-preview":"max-video-preview:-1"},"canonical":"https:\/\/villanautilustamarindo.com\/es\/","og_locale":"es_ES","og_type":"article","og_title":"Villa Nautilus - Location vacances au Costa Rica","og_description":"La villa Nautilus est une\u00a0Guest House B&B\u00a0de charme et de caract\u00e8re, avec piscine, un endroit diff\u00e9rent de ce que l'on peut trouver dans ce somptueux pays.","og_url":"https:\/\/villanautilustamarindo.com\/es\/","og_site_name":"Villa Nautilus","article_publisher":"https:\/\/www.facebook.com\/VillaNautilusTamarindo","article_modified_time":"2025-12-29T09:45:54+00:00","og_image":[{"width":1600,"height":800,"url":"https:\/\/villanautilustamarindo.com\/wp-content\/uploads\/2015\/12\/Slide-326.jpg","type":"image\/jpeg"}],"twitter_card":"summary_large_image","twitter_misc":{"Tiempo de lectura":"2 minutos"},"schema":{"@context":"https:\/\/schema.org","@graph":[{"@type":"WebPage","@id":"https:\/\/villanautilustamarindo.com\/es\/","url":"https:\/\/villanautilustamarindo.com\/es\/","name":"Villa Nautilus - Location vacances au Costa Rica","isPartOf":{"@id":"https:\/\/villanautilustamarindo.com\/es\/#website"},"primaryImageOfPage":{"@id":"https:\/\/villanautilustamarindo.com\/es\/#primaryimage"},"image":{"@id":"https:\/\/villanautilustamarindo.com\/es\/#primaryimage"},"thumbnailUrl":"https:\/\/villanautilustamarindo.com\/wp-content\/uploads\/2015\/12\/Slide-326-1024x512.jpg","datePublished":"2015-11-06T02:12:57+00:00","dateModified":"2025-12-29T09:45:54+00:00","description":"La villa Nautilus est une\u00a0Guest House B&B\u00a0de charme et de caract\u00e8re, avec piscine, un endroit diff\u00e9rent de ce que l'on peut trouver dans ce somptueux pays.","breadcrumb":{"@id":"https:\/\/villanautilustamarindo.com\/es\/#breadcrumb"},"inLanguage":"es","potentialAction":[{"@type":"ReadAction","target":["https:\/\/villanautilustamarindo.com\/es\/"]}]},{"@type":"ImageObject","inLanguage":"es","@id":"https:\/\/villanautilustamarindo.com\/es\/#primaryimage","url":"https:\/\/villanautilustamarindo.com\/wp-content\/uploads\/2015\/12\/Slide-326-1024x512.jpg","contentUrl":"https:\/\/villanautilustamarindo.com\/wp-content\/uploads\/2015\/12\/Slide-326-1024x512.jpg"},{"@type":"BreadcrumbList","@id":"https:\/\/villanautilustamarindo.com\/es\/#breadcrumb","itemListElement":[{"@type":"ListItem","position":1,"name":"Accueil","item":"https:\/\/villanautilustamarindo.com\/es\/?lang=es"},{"@type":"ListItem","position":2,"name":"Villa Nautilus"}]},{"@type":"WebSite","@id":"https:\/\/villanautilustamarindo.com\/es\/#website","url":"https:\/\/villanautilustamarindo.com\/es\/","name":"Villa Nautilus","description":"","publisher":{"@id":"https:\/\/villanautilustamarindo.com\/es\/#organization"},"potentialAction":[{"@type":"SearchAction","target":{"@type":"EntryPoint","urlTemplate":"https:\/\/villanautilustamarindo.com\/es\/?s={search_term_string}"},"query-input":{"@type":"PropertyValueSpecification","valueRequired":true,"valueName":"search_term_string"}}],"inLanguage":"es"},{"@type":"Organization","@id":"https:\/\/villanautilustamarindo.com\/es\/#organization","name":"Villa Nautilus","url":"https:\/\/villanautilustamarindo.com\/es\/","logo":{"@type":"ImageObject","inLanguage":"es","@id":"https:\/\/villanautilustamarindo.com\/es\/#\/schema\/logo\/image\/","url":"https:\/\/villanautilustamarindo.com\/wp-content\/uploads\/2015\/11\/logo-250px.png","contentUrl":"https:\/\/villanautilustamarindo.com\/wp-content\/uploads\/2015\/11\/logo-250px.png","width":250,"height":166,"caption":"Villa Nautilus"},"image":{"@id":"https:\/\/villanautilustamarindo.com\/es\/#\/schema\/logo\/image\/"},"sameAs":["https:\/\/www.facebook.com\/VillaNautilusTamarindo"]}]}},"_links":{"self":[{"href":"https:\/\/villanautilustamarindo.com\/es\/wp-json\/wp\/v2\/pages\/47","targetHints":{"allow":["GET"]}}],"collection":[{"href":"https:\/\/villanautilustamarindo.com\/es\/wp-json\/wp\/v2\/pages"}],"about":[{"href":"https:\/\/villanautilustamarindo.com\/es\/wp-json\/wp\/v2\/types\/page"}],"author":[{"embeddable":true,"href":"https:\/\/villanautilustamarindo.com\/es\/wp-json\/wp\/v2\/users\/1"}],"replies":[{"embeddable":true,"href":"https:\/\/villanautilustamarindo.com\/es\/wp-json\/wp\/v2\/comments?post=47"}],"version-history":[{"count":26,"href":"https:\/\/villanautilustamarindo.com\/es\/wp-json\/wp\/v2\/pages\/47\/revisions"}],"predecessor-version":[{"id":817,"href":"https:\/\/villanautilustamarindo.com\/es\/wp-json\/wp\/v2\/pages\/47\/revisions\/817"}],"wp:attachment":[{"href":"https:\/\/villanautilustamarindo.com\/es\/wp-json\/wp\/v2\/media?parent=47"}],"curies":[{"name":"wp","href":"https:\/\/api.w.org\/{rel}","templated":true}]}}