{"id":264,"date":"2015-11-06T02:13:23","date_gmt":"2015-11-06T01:13:23","guid":{"rendered":"https:\/\/villanautilustamarindo.com\/es\/termes-conditions\/"},"modified":"2016-02-07T17:58:54","modified_gmt":"2016-02-07T16:58:54","slug":"terminos-condiciones","status":"publish","type":"page","link":"https:\/\/villanautilustamarindo.com\/es\/terminos-condiciones\/","title":{"rendered":"T\u00e9rminos y condiciones"},"content":{"rendered":"<h1><b>T\u00e9rminos y condiciones<\/b><\/h1>\n<ul>\n<li style=\"font-weight: 400;\"><span style=\"font-weight: 400;\"><strong>Llegada<\/strong>: 14:00<\/span><\/li>\n<li style=\"font-weight: 400;\"><span style=\"font-weight: 400;\"><strong>Salida<\/strong>: 11:00<\/span><\/li>\n<li style=\"font-weight: 400;\"><span style=\"font-weight: 400;\"><strong>Moneda<\/strong>: Colon Costa Rica, US Dollar<\/span><\/li>\n<li style=\"font-weight: 400;\"><span style=\"font-weight: 400;\">No se admiten <strong>animales<\/strong><\/span><\/li>\n<li style=\"font-weight: 400;\"><span style=\"font-weight: 400;\"><strong>Ni\u00f1os<\/strong>: Deber\u00e1n ser mayores de 5 a\u00f1os <\/span><\/li>\n<li style=\"font-weight: 400;\"><span style=\"font-weight: 400;\"><strong>Check-in<\/strong>: Solo podr\u00e1n hacer el check-in los mayores de 18 a\u00f1os <\/span><\/li>\n<li style=\"font-weight: 400;\"><span style=\"font-weight: 400;\">Todas las personas que se alojen en la <strong>Villa<\/strong>, deber\u00e1n registrarse en la recepci\u00f3n<\/span><\/li>\n<li style=\"font-weight: 400;\"><span style=\"font-weight: 400;\"><strong>Prepago<\/strong>: una tarjeta de cr\u00e9dito v\u00e1lida se solicita en el momento de hacer la reserva con el fin de garantizar su habitaci\u00f3n<\/span><\/li>\n<li style=\"font-weight: 400;\"><span style=\"font-weight: 400;\"><strong>Impuestos y gastos estimados<\/strong>: La tasa hotelera es de 13% y se sumar\u00e1 al importe de su habitaci\u00f3n<\/span><\/li>\n<li style=\"font-weight: 400;\"><span style=\"font-weight: 400;\">En la Villa Nautilus <strong>no se permite fumar<\/strong><\/span><\/li>\n<li style=\"font-weight: 400;\"><span style=\"font-weight: 400;\"><strong>Consigna<\/strong>: disponemos de un servicio de consigna gratuito para su equipaje<\/span><\/li>\n<li style=\"font-weight: 400;\"><span style=\"font-weight: 400;\"><strong>Gastos adicionales por persona extra<\/strong>: $30 por persona (m\u00e1ximo 4 personas por algunas habitaciones).<\/span><\/li>\n<\/ul>\n<h2><strong>Condiciones de reserva<\/strong><\/h2>\n<p><span style=\"font-weight: 400;\">El dep\u00f3sito de la tarjeta de cr\u00e9dito igual al 50% del total de su reserva, tasa hotelera del 13% incluida, podr\u00e1 ser cargado una vez efectuada su reserva. <\/span><\/p>\n<p><span style=\"font-weight: 400;\">Durante el Peak de la estaci\u00f3n alta, del 21 de diciembre al 31 de enero, durante el Marat\u00f3n de Tamarindo, y en Semana Santa, el pago integral de su reserva se solicita una vez hecha la misma. Estos pagos no comprenden la posibilidad de anulaci\u00f3n o reembolso. La durac\u00edon m\u00ednima de la estancia es de 3 a 2 noches durante el Peak de la estaci\u00f3n alta excepto por el Marat\u00f3n de Tamarindo<\/span><\/p>\n<p><span style=\"font-weight: 400;\">Para su pago con tarjeta en nuestras instalaciones, aceptamos MasterCard \/ Visa \/ American Express \/ Diners Club International. Estas transacciones perfectamente seguras pasan por nuestro banco BAC San Jos\u00e9.<\/span><\/p>\n<p><span style=\"font-weight: 400;\">El montante restante de su reserva deber\u00e1 abonarse a su llegada. El pago en efectivo es posible y sujeto a reducci\u00f3n. <\/span><\/p>\n<h2><strong>Condiciones de anulaci\u00f3n<\/strong><\/h2>\n<p><span style=\"font-weight: 400;\">Toda anulaci\u00f3n deber\u00e1 efectuarse por email y al menos 14 d\u00edas antes de la fecha prevista de su llegada. <\/span><\/p>\n<ul>\n<li style=\"font-weight: 400;\"><span style=\"font-weight: 400;\"><strong>Durante el Peak de la estaci\u00f3n alta<\/strong>, para las anulaciones durante los 14 d\u00edas anteriores a la fecha prevista de llegada o la no presentaci\u00f3n se debitar\u00e1 el importe total de la reserva. Minimo de 3 noches.<\/span><\/li>\n<\/ul>\n<ul>\n<li style=\"font-weight: 400;\"><span style=\"font-weight: 400;\"><strong>Durante la estaci\u00f3n alta<\/strong>, toda anulaci\u00f3n deber\u00e1 efectuarse al menos 14 d\u00edas antes de la fecha de llegada prevista. Las anulaciones pasado este plazo o la no personaci\u00f3n supondr\u00e1n el d\u00e9bito de 50% del total de su reserva.<\/span><\/li>\n<\/ul>\n<ul>\n<li style=\"font-weight: 400;\"><span style=\"font-weight: 400;\"><strong>Durante la estaci\u00f3n verde<\/strong>, se aceptar\u00e1n anulaciones hasta 3 d\u00edas antes de la fecha prevista de su llegada. Tras esa fecha, o la no personaci\u00f3n de los hu\u00e9spedes, supondr\u00e1 el d\u00e9bito del 100% del precio de una noche.<\/span><\/li>\n<\/ul>\n","protected":false},"excerpt":{"rendered":"<p>T\u00e9rminos y condiciones Llegada: 14:00 Salida: 11:00 Moneda: Colon Costa Rica, US Dollar No se admiten animales Ni\u00f1os: Deber\u00e1n ser mayores de 5 a\u00f1os Check-in: Solo podr\u00e1n hacer el check-in los mayores de 18 a\u00f1os Todas las personas que se alojen en la Villa, deber\u00e1n registrarse en la recepci\u00f3n Prepago: una tarjeta de cr\u00e9dito v\u00e1lida [&hellip;]<\/p>\n","protected":false},"author":1,"featured_media":0,"parent":0,"menu_order":0,"comment_status":"closed","ping_status":"closed","template":"","meta":{"footnotes":""},"class_list":["post-264","page","type-page","status-publish","hentry"],"yoast_head":"<!-- This site is optimized with the Yoast SEO plugin v26.6 - https:\/\/yoast.com\/wordpress\/plugins\/seo\/ -->\n<title>T\u00e9rminos y condiciones<\/title>\n<meta name=\"robots\" content=\"index, follow, max-snippet:-1, max-image-preview:large, max-video-preview:-1\" \/>\n<link rel=\"canonical\" href=\"https:\/\/villanautilustamarindo.com\/es\/terminos-condiciones\/\" \/>\n<meta property=\"og:locale\" content=\"es_ES\" \/>\n<meta property=\"og:type\" content=\"article\" \/>\n<meta property=\"og:title\" content=\"T\u00e9rminos y condiciones\" \/>\n<meta property=\"og:description\" content=\"T\u00e9rminos y condiciones Llegada: 14:00 Salida: 11:00 Moneda: Colon Costa Rica, US Dollar No se admiten animales Ni\u00f1os: Deber\u00e1n ser mayores de 5 a\u00f1os Check-in: Solo podr\u00e1n hacer el check-in los mayores de 18 a\u00f1os Todas las personas que se alojen en la Villa, deber\u00e1n registrarse en la recepci\u00f3n Prepago: una tarjeta de cr\u00e9dito v\u00e1lida [&hellip;]\" \/>\n<meta property=\"og:url\" content=\"https:\/\/villanautilustamarindo.com\/es\/terminos-condiciones\/\" \/>\n<meta property=\"og:site_name\" content=\"Villa Nautilus\" \/>\n<meta property=\"article:publisher\" content=\"https:\/\/www.facebook.com\/VillaNautilusTamarindo\" \/>\n<meta property=\"article:modified_time\" content=\"2016-02-07T16:58:54+00:00\" \/>\n<meta property=\"og:image\" content=\"https:\/\/villanautilustamarindo.com\/wp-content\/uploads\/2015\/12\/slide-1.jpg\" \/>\n<meta name=\"twitter:card\" content=\"summary_large_image\" \/>\n<meta name=\"twitter:label1\" content=\"Tiempo de lectura\" \/>\n\t<meta name=\"twitter:data1\" content=\"2 minutos\" \/>\n<script type=\"application\/ld+json\" class=\"yoast-schema-graph\">{\"@context\":\"https:\/\/schema.org\",\"@graph\":[{\"@type\":\"WebPage\",\"@id\":\"https:\/\/villanautilustamarindo.com\/es\/terminos-condiciones\/\",\"url\":\"https:\/\/villanautilustamarindo.com\/es\/terminos-condiciones\/\",\"name\":\"T\u00e9rminos y condiciones\",\"isPartOf\":{\"@id\":\"https:\/\/villanautilustamarindo.com\/es\/#website\"},\"datePublished\":\"2015-11-06T01:13:23+00:00\",\"dateModified\":\"2016-02-07T16:58:54+00:00\",\"breadcrumb\":{\"@id\":\"https:\/\/villanautilustamarindo.com\/es\/terminos-condiciones\/#breadcrumb\"},\"inLanguage\":\"es\",\"potentialAction\":[{\"@type\":\"ReadAction\",\"target\":[\"https:\/\/villanautilustamarindo.com\/es\/terminos-condiciones\/\"]}]},{\"@type\":\"BreadcrumbList\",\"@id\":\"https:\/\/villanautilustamarindo.com\/es\/terminos-condiciones\/#breadcrumb\",\"itemListElement\":[{\"@type\":\"ListItem\",\"position\":1,\"name\":\"Accueil\",\"item\":\"https:\/\/villanautilustamarindo.com\/es\/?lang=es\"},{\"@type\":\"ListItem\",\"position\":2,\"name\":\"T\u00e9rminos y condiciones\"}]},{\"@type\":\"WebSite\",\"@id\":\"https:\/\/villanautilustamarindo.com\/es\/#website\",\"url\":\"https:\/\/villanautilustamarindo.com\/es\/\",\"name\":\"Villa Nautilus\",\"description\":\"\",\"publisher\":{\"@id\":\"https:\/\/villanautilustamarindo.com\/es\/#organization\"},\"potentialAction\":[{\"@type\":\"SearchAction\",\"target\":{\"@type\":\"EntryPoint\",\"urlTemplate\":\"https:\/\/villanautilustamarindo.com\/es\/?s={search_term_string}\"},\"query-input\":{\"@type\":\"PropertyValueSpecification\",\"valueRequired\":true,\"valueName\":\"search_term_string\"}}],\"inLanguage\":\"es\"},{\"@type\":\"Organization\",\"@id\":\"https:\/\/villanautilustamarindo.com\/es\/#organization\",\"name\":\"Villa Nautilus\",\"url\":\"https:\/\/villanautilustamarindo.com\/es\/\",\"logo\":{\"@type\":\"ImageObject\",\"inLanguage\":\"es\",\"@id\":\"https:\/\/villanautilustamarindo.com\/es\/#\/schema\/logo\/image\/\",\"url\":\"https:\/\/villanautilustamarindo.com\/wp-content\/uploads\/2015\/11\/logo-250px.png\",\"contentUrl\":\"https:\/\/villanautilustamarindo.com\/wp-content\/uploads\/2015\/11\/logo-250px.png\",\"width\":250,\"height\":166,\"caption\":\"Villa Nautilus\"},\"image\":{\"@id\":\"https:\/\/villanautilustamarindo.com\/es\/#\/schema\/logo\/image\/\"},\"sameAs\":[\"https:\/\/www.facebook.com\/VillaNautilusTamarindo\"]}]}<\/script>\n<!-- \/ Yoast SEO plugin. -->","yoast_head_json":{"title":"T\u00e9rminos y condiciones","robots":{"index":"index","follow":"follow","max-snippet":"max-snippet:-1","max-image-preview":"max-image-preview:large","max-video-preview":"max-video-preview:-1"},"canonical":"https:\/\/villanautilustamarindo.com\/es\/terminos-condiciones\/","og_locale":"es_ES","og_type":"article","og_title":"T\u00e9rminos y condiciones","og_description":"T\u00e9rminos y condiciones Llegada: 14:00 Salida: 11:00 Moneda: Colon Costa Rica, US Dollar No se admiten animales Ni\u00f1os: Deber\u00e1n ser mayores de 5 a\u00f1os Check-in: Solo podr\u00e1n hacer el check-in los mayores de 18 a\u00f1os Todas las personas que se alojen en la Villa, deber\u00e1n registrarse en la recepci\u00f3n Prepago: una tarjeta de cr\u00e9dito v\u00e1lida [&hellip;]","og_url":"https:\/\/villanautilustamarindo.com\/es\/terminos-condiciones\/","og_site_name":"Villa Nautilus","article_publisher":"https:\/\/www.facebook.com\/VillaNautilusTamarindo","article_modified_time":"2016-02-07T16:58:54+00:00","og_image":[{"url":"https:\/\/villanautilustamarindo.com\/wp-content\/uploads\/2015\/12\/slide-1.jpg","type":"","width":"","height":""}],"twitter_card":"summary_large_image","twitter_misc":{"Tiempo de lectura":"2 minutos"},"schema":{"@context":"https:\/\/schema.org","@graph":[{"@type":"WebPage","@id":"https:\/\/villanautilustamarindo.com\/es\/terminos-condiciones\/","url":"https:\/\/villanautilustamarindo.com\/es\/terminos-condiciones\/","name":"T\u00e9rminos y condiciones","isPartOf":{"@id":"https:\/\/villanautilustamarindo.com\/es\/#website"},"datePublished":"2015-11-06T01:13:23+00:00","dateModified":"2016-02-07T16:58:54+00:00","breadcrumb":{"@id":"https:\/\/villanautilustamarindo.com\/es\/terminos-condiciones\/#breadcrumb"},"inLanguage":"es","potentialAction":[{"@type":"ReadAction","target":["https:\/\/villanautilustamarindo.com\/es\/terminos-condiciones\/"]}]},{"@type":"BreadcrumbList","@id":"https:\/\/villanautilustamarindo.com\/es\/terminos-condiciones\/#breadcrumb","itemListElement":[{"@type":"ListItem","position":1,"name":"Accueil","item":"https:\/\/villanautilustamarindo.com\/es\/?lang=es"},{"@type":"ListItem","position":2,"name":"T\u00e9rminos y condiciones"}]},{"@type":"WebSite","@id":"https:\/\/villanautilustamarindo.com\/es\/#website","url":"https:\/\/villanautilustamarindo.com\/es\/","name":"Villa Nautilus","description":"","publisher":{"@id":"https:\/\/villanautilustamarindo.com\/es\/#organization"},"potentialAction":[{"@type":"SearchAction","target":{"@type":"EntryPoint","urlTemplate":"https:\/\/villanautilustamarindo.com\/es\/?s={search_term_string}"},"query-input":{"@type":"PropertyValueSpecification","valueRequired":true,"valueName":"search_term_string"}}],"inLanguage":"es"},{"@type":"Organization","@id":"https:\/\/villanautilustamarindo.com\/es\/#organization","name":"Villa Nautilus","url":"https:\/\/villanautilustamarindo.com\/es\/","logo":{"@type":"ImageObject","inLanguage":"es","@id":"https:\/\/villanautilustamarindo.com\/es\/#\/schema\/logo\/image\/","url":"https:\/\/villanautilustamarindo.com\/wp-content\/uploads\/2015\/11\/logo-250px.png","contentUrl":"https:\/\/villanautilustamarindo.com\/wp-content\/uploads\/2015\/11\/logo-250px.png","width":250,"height":166,"caption":"Villa Nautilus"},"image":{"@id":"https:\/\/villanautilustamarindo.com\/es\/#\/schema\/logo\/image\/"},"sameAs":["https:\/\/www.facebook.com\/VillaNautilusTamarindo"]}]}},"_links":{"self":[{"href":"https:\/\/villanautilustamarindo.com\/es\/wp-json\/wp\/v2\/pages\/264","targetHints":{"allow":["GET"]}}],"collection":[{"href":"https:\/\/villanautilustamarindo.com\/es\/wp-json\/wp\/v2\/pages"}],"about":[{"href":"https:\/\/villanautilustamarindo.com\/es\/wp-json\/wp\/v2\/types\/page"}],"author":[{"embeddable":true,"href":"https:\/\/villanautilustamarindo.com\/es\/wp-json\/wp\/v2\/users\/1"}],"replies":[{"embeddable":true,"href":"https:\/\/villanautilustamarindo.com\/es\/wp-json\/wp\/v2\/comments?post=264"}],"version-history":[{"count":22,"href":"https:\/\/villanautilustamarindo.com\/es\/wp-json\/wp\/v2\/pages\/264\/revisions"}],"predecessor-version":[{"id":609,"href":"https:\/\/villanautilustamarindo.com\/es\/wp-json\/wp\/v2\/pages\/264\/revisions\/609"}],"wp:attachment":[{"href":"https:\/\/villanautilustamarindo.com\/es\/wp-json\/wp\/v2\/media?parent=264"}],"curies":[{"name":"wp","href":"https:\/\/api.w.org\/{rel}","templated":true}]}}