{"id":250,"date":"2015-11-06T02:13:42","date_gmt":"2015-11-06T01:13:42","guid":{"rendered":"https:\/\/villanautilustamarindo.com\/es\/tarifs\/"},"modified":"2016-01-24T22:19:41","modified_gmt":"2016-01-24T21:19:41","slug":"tarifas","status":"publish","type":"page","link":"https:\/\/villanautilustamarindo.com\/es\/tarifas\/","title":{"rendered":"Tarifas"},"content":{"rendered":"<p>Tarifas en USD<\/p>\n<table>\n<tbody>\n<tr>\n<td><\/td>\n<td>Estaci\u00f3n alta<\/td>\n<td>Peak de la estaci\u00f3n alta<\/td>\n<td>Estaci\u00f3n Verde<\/td>\n<\/tr>\n<tr>\n<td>Studio Papaya Junior<\/td>\n<td>80,00 $US<\/td>\n<td>100,00 $US<\/td>\n<td>70,00 $US<\/td>\n<\/tr>\n<tr>\n<td>Studio Banana &amp; Mango Deluxe 1 &amp; 2 *<\/td>\n<td>110,00 $US<\/td>\n<td>130,00 $US<\/td>\n<td>100,00 $US<\/td>\n<\/tr>\n<tr>\n<td>Studio Limon Senior *<\/td>\n<td>100,00 $US<\/td>\n<td>120,00 $US<\/td>\n<td>80,00 $US<\/td>\n<\/tr>\n<tr>\n<td>Corail Queen Room *<\/td>\n<td>110,00 $US<\/td>\n<td>130,00 $US<\/td>\n<td>100,00 $US<\/td>\n<\/tr>\n<tr>\n<td>Nautilus King Room *<\/td>\n<td>120,00 $US<\/td>\n<td>140,00 $US<\/td>\n<td>110,00 $US<\/td>\n<\/tr>\n<\/tbody>\n<\/table>\n<p><span style=\"font-weight: 400;\">Estaci\u00f3n alta: del 01 de Noviembre al 30 de Abril<\/span><\/p>\n<p><span style=\"font-weight: 400;\">Peak de la estaci\u00f3n alta: del 21 de Diciembre al 31 de Enero<\/span><\/p>\n<p><span style=\"font-weight: 400;\"> Mediados de Septiembre: Marat\u00f3n de Tamarindo <\/span><\/p>\n<p><span style=\"font-weight: 400;\"> Marzo \/ Abril: Semana Santa<\/span><\/p>\n<p><span style=\"font-weight: 400;\">Estaci\u00f3n Verde: del 01 de Mayo al 31 de Octubre<\/span><\/p>\n<ul>\n<li style=\"font-weight: 400;\"><span style=\"font-weight: 400;\">Estudios Banana y Mango Deluxe : sobre una base de 2 personas + $30 por persona suplementaria hasta un m\u00e1ximo de 2.<\/span><\/li>\n<li style=\"font-weight: 400;\"><span style=\"font-weight: 400;\">Estudio Limon Senior: sobre una base de 2 personas + $30 por persona suplementaria hasta un m\u00e1ximo de 2.<\/span><\/li>\n<li style=\"font-weight: 400;\"><span style=\"font-weight: 400;\">Para las habitaciones Nautilus King y Coral Queen, el desayuno est\u00e1 incluido en el precio de la habitaci\u00f3n.<\/span><\/li>\n<\/ul>\n<p>&nbsp;<\/p>\n<p><span style=\"font-weight: 400;\">Es posible privatizar las 6 habitaciones de Villa Nautilus para bodas, cumplea\u00f1os, reuniones familiares, Clubs, eventos de empresa, etc. Solicitar un presupuesto.<\/span><\/p>\n<p><span style=\"font-weight: 400;\">Capacidad m\u00e1xima de acoger a 18 personas. Solicitar condiciones <\/span><\/p>\n<p><span style=\"font-weight: 400;\">Activos en Facebook, la p\u00e1gina Villa Nautilus &#8211; Tamarindo y tambi\u00e9n sobre este sitio internet les propondr\u00e1 promociones (ej: paga 6 noches y duerme 7) y regalos (desayunos o actividades a precio reducido). <\/span><\/p>\n<p><span style=\"font-weight: 400;\">Vale la pena echar un vistazo de vez en cuando! <\/span><\/p>\n<h2><b>Las tarifas no incluyen el 13% de IVA.<\/b><\/h2>\n","protected":false},"excerpt":{"rendered":"<p>Tarifas en USD Estaci\u00f3n alta Peak de la estaci\u00f3n alta Estaci\u00f3n Verde Studio Papaya Junior 80,00 $US 100,00 $US 70,00 $US Studio Banana &amp; Mango Deluxe 1 &amp; 2 * 110,00 $US 130,00 $US 100,00 $US Studio Limon Senior * 100,00 $US 120,00 $US 80,00 $US Corail Queen Room * 110,00 $US 130,00 $US 100,00 [&hellip;]<\/p>\n","protected":false},"author":1,"featured_media":0,"parent":0,"menu_order":0,"comment_status":"closed","ping_status":"closed","template":"","meta":{"footnotes":""},"class_list":["post-250","page","type-page","status-publish","hentry"],"yoast_head":"<!-- This site is optimized with the Yoast SEO plugin v26.6 - https:\/\/yoast.com\/wordpress\/plugins\/seo\/ -->\n<title>Tarifas<\/title>\n<meta name=\"robots\" content=\"index, follow, max-snippet:-1, max-image-preview:large, max-video-preview:-1\" \/>\n<link rel=\"canonical\" href=\"https:\/\/villanautilustamarindo.com\/es\/tarifas\/\" \/>\n<meta property=\"og:locale\" content=\"es_ES\" \/>\n<meta property=\"og:type\" content=\"article\" \/>\n<meta property=\"og:title\" content=\"Tarifas\" \/>\n<meta property=\"og:description\" content=\"Tarifas en USD Estaci\u00f3n alta Peak de la estaci\u00f3n alta Estaci\u00f3n Verde Studio Papaya Junior 80,00 $US 100,00 $US 70,00 $US Studio Banana &amp; Mango Deluxe 1 &amp; 2 * 110,00 $US 130,00 $US 100,00 $US Studio Limon Senior * 100,00 $US 120,00 $US 80,00 $US Corail Queen Room * 110,00 $US 130,00 $US 100,00 [&hellip;]\" \/>\n<meta property=\"og:url\" content=\"https:\/\/villanautilustamarindo.com\/es\/tarifas\/\" \/>\n<meta property=\"og:site_name\" content=\"Villa Nautilus\" \/>\n<meta property=\"article:publisher\" content=\"https:\/\/www.facebook.com\/VillaNautilusTamarindo\" \/>\n<meta property=\"article:modified_time\" content=\"2016-01-24T21:19:41+00:00\" \/>\n<meta property=\"og:image\" content=\"https:\/\/villanautilustamarindo.com\/wp-content\/uploads\/2015\/12\/slide-1.jpg\" \/>\n<meta name=\"twitter:card\" content=\"summary_large_image\" \/>\n<meta name=\"twitter:label1\" content=\"Tiempo de lectura\" \/>\n\t<meta name=\"twitter:data1\" content=\"1 minuto\" \/>\n<script type=\"application\/ld+json\" class=\"yoast-schema-graph\">{\"@context\":\"https:\/\/schema.org\",\"@graph\":[{\"@type\":\"WebPage\",\"@id\":\"https:\/\/villanautilustamarindo.com\/es\/tarifas\/\",\"url\":\"https:\/\/villanautilustamarindo.com\/es\/tarifas\/\",\"name\":\"Tarifas\",\"isPartOf\":{\"@id\":\"https:\/\/villanautilustamarindo.com\/es\/#website\"},\"datePublished\":\"2015-11-06T01:13:42+00:00\",\"dateModified\":\"2016-01-24T21:19:41+00:00\",\"breadcrumb\":{\"@id\":\"https:\/\/villanautilustamarindo.com\/es\/tarifas\/#breadcrumb\"},\"inLanguage\":\"es\",\"potentialAction\":[{\"@type\":\"ReadAction\",\"target\":[\"https:\/\/villanautilustamarindo.com\/es\/tarifas\/\"]}]},{\"@type\":\"BreadcrumbList\",\"@id\":\"https:\/\/villanautilustamarindo.com\/es\/tarifas\/#breadcrumb\",\"itemListElement\":[{\"@type\":\"ListItem\",\"position\":1,\"name\":\"Accueil\",\"item\":\"https:\/\/villanautilustamarindo.com\/es\/?lang=es\"},{\"@type\":\"ListItem\",\"position\":2,\"name\":\"Tarifas\"}]},{\"@type\":\"WebSite\",\"@id\":\"https:\/\/villanautilustamarindo.com\/es\/#website\",\"url\":\"https:\/\/villanautilustamarindo.com\/es\/\",\"name\":\"Villa Nautilus\",\"description\":\"\",\"publisher\":{\"@id\":\"https:\/\/villanautilustamarindo.com\/es\/#organization\"},\"potentialAction\":[{\"@type\":\"SearchAction\",\"target\":{\"@type\":\"EntryPoint\",\"urlTemplate\":\"https:\/\/villanautilustamarindo.com\/es\/?s={search_term_string}\"},\"query-input\":{\"@type\":\"PropertyValueSpecification\",\"valueRequired\":true,\"valueName\":\"search_term_string\"}}],\"inLanguage\":\"es\"},{\"@type\":\"Organization\",\"@id\":\"https:\/\/villanautilustamarindo.com\/es\/#organization\",\"name\":\"Villa Nautilus\",\"url\":\"https:\/\/villanautilustamarindo.com\/es\/\",\"logo\":{\"@type\":\"ImageObject\",\"inLanguage\":\"es\",\"@id\":\"https:\/\/villanautilustamarindo.com\/es\/#\/schema\/logo\/image\/\",\"url\":\"https:\/\/villanautilustamarindo.com\/wp-content\/uploads\/2015\/11\/logo-250px.png\",\"contentUrl\":\"https:\/\/villanautilustamarindo.com\/wp-content\/uploads\/2015\/11\/logo-250px.png\",\"width\":250,\"height\":166,\"caption\":\"Villa Nautilus\"},\"image\":{\"@id\":\"https:\/\/villanautilustamarindo.com\/es\/#\/schema\/logo\/image\/\"},\"sameAs\":[\"https:\/\/www.facebook.com\/VillaNautilusTamarindo\"]}]}<\/script>\n<!-- \/ Yoast SEO plugin. -->","yoast_head_json":{"title":"Tarifas","robots":{"index":"index","follow":"follow","max-snippet":"max-snippet:-1","max-image-preview":"max-image-preview:large","max-video-preview":"max-video-preview:-1"},"canonical":"https:\/\/villanautilustamarindo.com\/es\/tarifas\/","og_locale":"es_ES","og_type":"article","og_title":"Tarifas","og_description":"Tarifas en USD Estaci\u00f3n alta Peak de la estaci\u00f3n alta Estaci\u00f3n Verde Studio Papaya Junior 80,00 $US 100,00 $US 70,00 $US Studio Banana &amp; Mango Deluxe 1 &amp; 2 * 110,00 $US 130,00 $US 100,00 $US Studio Limon Senior * 100,00 $US 120,00 $US 80,00 $US Corail Queen Room * 110,00 $US 130,00 $US 100,00 [&hellip;]","og_url":"https:\/\/villanautilustamarindo.com\/es\/tarifas\/","og_site_name":"Villa Nautilus","article_publisher":"https:\/\/www.facebook.com\/VillaNautilusTamarindo","article_modified_time":"2016-01-24T21:19:41+00:00","og_image":[{"url":"https:\/\/villanautilustamarindo.com\/wp-content\/uploads\/2015\/12\/slide-1.jpg","type":"","width":"","height":""}],"twitter_card":"summary_large_image","twitter_misc":{"Tiempo de lectura":"1 minuto"},"schema":{"@context":"https:\/\/schema.org","@graph":[{"@type":"WebPage","@id":"https:\/\/villanautilustamarindo.com\/es\/tarifas\/","url":"https:\/\/villanautilustamarindo.com\/es\/tarifas\/","name":"Tarifas","isPartOf":{"@id":"https:\/\/villanautilustamarindo.com\/es\/#website"},"datePublished":"2015-11-06T01:13:42+00:00","dateModified":"2016-01-24T21:19:41+00:00","breadcrumb":{"@id":"https:\/\/villanautilustamarindo.com\/es\/tarifas\/#breadcrumb"},"inLanguage":"es","potentialAction":[{"@type":"ReadAction","target":["https:\/\/villanautilustamarindo.com\/es\/tarifas\/"]}]},{"@type":"BreadcrumbList","@id":"https:\/\/villanautilustamarindo.com\/es\/tarifas\/#breadcrumb","itemListElement":[{"@type":"ListItem","position":1,"name":"Accueil","item":"https:\/\/villanautilustamarindo.com\/es\/?lang=es"},{"@type":"ListItem","position":2,"name":"Tarifas"}]},{"@type":"WebSite","@id":"https:\/\/villanautilustamarindo.com\/es\/#website","url":"https:\/\/villanautilustamarindo.com\/es\/","name":"Villa Nautilus","description":"","publisher":{"@id":"https:\/\/villanautilustamarindo.com\/es\/#organization"},"potentialAction":[{"@type":"SearchAction","target":{"@type":"EntryPoint","urlTemplate":"https:\/\/villanautilustamarindo.com\/es\/?s={search_term_string}"},"query-input":{"@type":"PropertyValueSpecification","valueRequired":true,"valueName":"search_term_string"}}],"inLanguage":"es"},{"@type":"Organization","@id":"https:\/\/villanautilustamarindo.com\/es\/#organization","name":"Villa Nautilus","url":"https:\/\/villanautilustamarindo.com\/es\/","logo":{"@type":"ImageObject","inLanguage":"es","@id":"https:\/\/villanautilustamarindo.com\/es\/#\/schema\/logo\/image\/","url":"https:\/\/villanautilustamarindo.com\/wp-content\/uploads\/2015\/11\/logo-250px.png","contentUrl":"https:\/\/villanautilustamarindo.com\/wp-content\/uploads\/2015\/11\/logo-250px.png","width":250,"height":166,"caption":"Villa Nautilus"},"image":{"@id":"https:\/\/villanautilustamarindo.com\/es\/#\/schema\/logo\/image\/"},"sameAs":["https:\/\/www.facebook.com\/VillaNautilusTamarindo"]}]}},"_links":{"self":[{"href":"https:\/\/villanautilustamarindo.com\/es\/wp-json\/wp\/v2\/pages\/250","targetHints":{"allow":["GET"]}}],"collection":[{"href":"https:\/\/villanautilustamarindo.com\/es\/wp-json\/wp\/v2\/pages"}],"about":[{"href":"https:\/\/villanautilustamarindo.com\/es\/wp-json\/wp\/v2\/types\/page"}],"author":[{"embeddable":true,"href":"https:\/\/villanautilustamarindo.com\/es\/wp-json\/wp\/v2\/users\/1"}],"replies":[{"embeddable":true,"href":"https:\/\/villanautilustamarindo.com\/es\/wp-json\/wp\/v2\/comments?post=250"}],"version-history":[{"count":29,"href":"https:\/\/villanautilustamarindo.com\/es\/wp-json\/wp\/v2\/pages\/250\/revisions"}],"predecessor-version":[{"id":591,"href":"https:\/\/villanautilustamarindo.com\/es\/wp-json\/wp\/v2\/pages\/250\/revisions\/591"}],"wp:attachment":[{"href":"https:\/\/villanautilustamarindo.com\/es\/wp-json\/wp\/v2\/media?parent=250"}],"curies":[{"name":"wp","href":"https:\/\/api.w.org\/{rel}","templated":true}]}}