{"id":237,"date":"2015-11-06T02:12:30","date_gmt":"2015-11-06T01:12:30","guid":{"rendered":"https:\/\/villanautilustamarindo.com\/es\/rooms-and-studios\/"},"modified":"2016-02-07T21:38:52","modified_gmt":"2016-02-07T20:38:52","slug":"chambre-studios","status":"publish","type":"page","link":"https:\/\/villanautilustamarindo.com\/es\/chambre-studios\/","title":{"rendered":"Habitaciones y pisos"},"content":{"rendered":"<h2><b>Las habitaciones B&amp;B<\/b><\/h2>\n<ul>\n<li style=\"font-weight: 400;\"><span style=\"font-weight: 400;\"><strong>La Nautilus King room\u00a0:<\/strong> 24 m2 para 2 personas, equipada con una gran cama King-size, colch\u00f3n ortopedico, aire acondicionado, ventilador en el techo, mini nevera. Cuarto de ba\u00f1o propio en m\u00e1rmol y travertinos con ducha. Balc\u00f3n propio con vistas a la piscina y ventilador propio con un rinc\u00f3n comedor ideal para desayunar y cheslones para relajarse y tomar el sol en la intimidad de su habitaci\u00f3n. Desayuno incluido.<\/span><\/li>\n<\/ul>\n<ul>\n<li style=\"font-weight: 400;\"><span style=\"font-weight: 400;\"><strong>La Coral Queen room\u00a0:<\/strong> 23m2 para 2 personas, equipada con una preciosa cama Queen-size, colch\u00f3n ortopedico, aire acondicionado, ventilador en el techo, mini nevera. Cuarto de ba\u00f1o propio en m\u00e1rmol y travertinos con ducha. El balc\u00f3n, con vistas a la piscina y ventilador dispone tambi\u00e9n de su rinc\u00f3n comedor ideal para desayunar. \u00a0Desayuno incluido.<\/span><\/li>\n<\/ul>\n<p><em><span style=\"font-weight: 400;\">En esta planta, los hu\u00e9spedes del B&amp;B tambi\u00e9n dispondr\u00e1n de un super lindo espacio sal\u00f3n.<\/span><\/em><\/p>\n<h2><b>Los estudios<\/b><\/h2>\n<ul>\n<li style=\"font-weight: 400;\"><span style=\"font-weight: 400;\"><strong>El estudio Papaya Junior :<\/strong> 21m2 para 2 personas, equipado con una cama doble Queen-size, colchon ortopedico, aire acondicionado, ventilador, cuarto de ba\u00f1o con ducha, cocina equipada con nevera\/congelador, cocina \u00a0electrica, microondas y todos los utensilios b\u00e1sicos de cocina, incluye un rinc\u00f3n comedor.<\/span><\/li>\n<\/ul>\n<ul>\n<li style=\"font-weight: 400;\"><span style=\"font-weight: 400;\"><strong>El estudio deluxe Banana que dan a la piscina : <\/strong> 26 m2 para 4 personas, con una altura de techo de 3,90m y grandes ventanales. Equipado con cama doble Queen-size y una peque\u00f1a mezzanina (altillo) con cama doble para 2 personas, colch\u00f3n ortopedico, aire acondicionado, ventilador, cuarto de ba\u00f1o con ducha, cocina equipada con nevera\/congelador, cocina el\u00e9ctrica, microondas y todos los utensilios b\u00e1sicos de cocina, incluye un rinc\u00f3n comedor y un rinc\u00f3n sal\u00f3n.<\/span><\/li>\n<\/ul>\n<ul>\n<li style=\"font-weight: 400;\"><span style=\"font-weight: 400;\"><strong>El estudio deluxe Mango\u00a0que dan a la piscina :<\/strong> 24 m2 para 4 personas, con una altura de techo de 3,90m y grandes ventanales. Equipado con cama doble Queen-size y una peque\u00f1a mezzanina (altillo) con cama doble para 2 personas, colch\u00f3n ortopedico, aire acondicionado, ventilador, cuarto de ba\u00f1o con ducha, cocina equipada con nevera\/congelador, cocina el\u00e9ctrica, microondas y todos los utensilios b\u00e1sicos de cocina, incluye un rinc\u00f3n comedor y un rinc\u00f3n sal\u00f3n.<\/span><\/li>\n<\/ul>\n<ul>\n<li style=\"font-weight: 400;\"><span style=\"font-weight: 400;\"><strong>El estudio Limon Senior :<\/strong> 32m2 para 4 personas, equipado con 2 camas dobles Queen-size, colch\u00f3n ortopedico, aire acondicionado, ventilador, cuarto de ba\u00f1o con ducha, cocina equipada con nevera\/congelador,cocina el\u00e9ctrica, microondas y todos los utensilios b\u00e1sicos de cocina, incluye un rinc\u00f3n comedor y un rinc\u00f3n sal\u00f3n. \u00a0<\/span><\/li>\n<\/ul>\n\n","protected":false},"excerpt":{"rendered":"<p>Las habitaciones B&amp;B La Nautilus King room\u00a0: 24 m2 para 2 personas, equipada con una gran cama King-size, colch\u00f3n ortopedico, aire acondicionado, ventilador en el techo, mini nevera. Cuarto de ba\u00f1o propio en m\u00e1rmol y travertinos con ducha. Balc\u00f3n propio con vistas a la piscina y ventilador propio con un rinc\u00f3n comedor ideal para desayunar [&hellip;]<\/p>\n","protected":false},"author":1,"featured_media":0,"parent":0,"menu_order":0,"comment_status":"closed","ping_status":"closed","template":"","meta":{"footnotes":""},"class_list":["post-237","page","type-page","status-publish","hentry"],"yoast_head":"<!-- This site is optimized with the Yoast SEO plugin v26.6 - https:\/\/yoast.com\/wordpress\/plugins\/seo\/ -->\n<title>Habitaciones y pisos<\/title>\n<meta name=\"robots\" content=\"index, follow, max-snippet:-1, max-image-preview:large, max-video-preview:-1\" \/>\n<link rel=\"canonical\" href=\"https:\/\/villanautilustamarindo.com\/es\/chambre-studios\/\" \/>\n<meta property=\"og:locale\" content=\"es_ES\" \/>\n<meta property=\"og:type\" content=\"article\" \/>\n<meta property=\"og:title\" content=\"Habitaciones y pisos\" \/>\n<meta property=\"og:description\" content=\"Las habitaciones B&amp;B La Nautilus King room\u00a0: 24 m2 para 2 personas, equipada con una gran cama King-size, colch\u00f3n ortopedico, aire acondicionado, ventilador en el techo, mini nevera. Cuarto de ba\u00f1o propio en m\u00e1rmol y travertinos con ducha. Balc\u00f3n propio con vistas a la piscina y ventilador propio con un rinc\u00f3n comedor ideal para desayunar [&hellip;]\" \/>\n<meta property=\"og:url\" content=\"https:\/\/villanautilustamarindo.com\/es\/chambre-studios\/\" \/>\n<meta property=\"og:site_name\" content=\"Villa Nautilus\" \/>\n<meta property=\"article:publisher\" content=\"https:\/\/www.facebook.com\/VillaNautilusTamarindo\" \/>\n<meta property=\"article:modified_time\" content=\"2016-02-07T20:38:52+00:00\" \/>\n<meta property=\"og:image\" content=\"https:\/\/villanautilustamarindo.com\/wp-content\/uploads\/2015\/12\/slide-1.jpg\" \/>\n<meta name=\"twitter:card\" content=\"summary_large_image\" \/>\n<meta name=\"twitter:label1\" content=\"Tiempo de lectura\" \/>\n\t<meta name=\"twitter:data1\" content=\"2 minutos\" \/>\n<script type=\"application\/ld+json\" class=\"yoast-schema-graph\">{\"@context\":\"https:\/\/schema.org\",\"@graph\":[{\"@type\":\"WebPage\",\"@id\":\"https:\/\/villanautilustamarindo.com\/es\/chambre-studios\/\",\"url\":\"https:\/\/villanautilustamarindo.com\/es\/chambre-studios\/\",\"name\":\"Habitaciones y pisos\",\"isPartOf\":{\"@id\":\"https:\/\/villanautilustamarindo.com\/es\/#website\"},\"datePublished\":\"2015-11-06T01:12:30+00:00\",\"dateModified\":\"2016-02-07T20:38:52+00:00\",\"breadcrumb\":{\"@id\":\"https:\/\/villanautilustamarindo.com\/es\/chambre-studios\/#breadcrumb\"},\"inLanguage\":\"es\",\"potentialAction\":[{\"@type\":\"ReadAction\",\"target\":[\"https:\/\/villanautilustamarindo.com\/es\/chambre-studios\/\"]}]},{\"@type\":\"BreadcrumbList\",\"@id\":\"https:\/\/villanautilustamarindo.com\/es\/chambre-studios\/#breadcrumb\",\"itemListElement\":[{\"@type\":\"ListItem\",\"position\":1,\"name\":\"Accueil\",\"item\":\"https:\/\/villanautilustamarindo.com\/es\/?lang=es\"},{\"@type\":\"ListItem\",\"position\":2,\"name\":\"Habitaciones y pisos\"}]},{\"@type\":\"WebSite\",\"@id\":\"https:\/\/villanautilustamarindo.com\/es\/#website\",\"url\":\"https:\/\/villanautilustamarindo.com\/es\/\",\"name\":\"Villa Nautilus\",\"description\":\"\",\"publisher\":{\"@id\":\"https:\/\/villanautilustamarindo.com\/es\/#organization\"},\"potentialAction\":[{\"@type\":\"SearchAction\",\"target\":{\"@type\":\"EntryPoint\",\"urlTemplate\":\"https:\/\/villanautilustamarindo.com\/es\/?s={search_term_string}\"},\"query-input\":{\"@type\":\"PropertyValueSpecification\",\"valueRequired\":true,\"valueName\":\"search_term_string\"}}],\"inLanguage\":\"es\"},{\"@type\":\"Organization\",\"@id\":\"https:\/\/villanautilustamarindo.com\/es\/#organization\",\"name\":\"Villa Nautilus\",\"url\":\"https:\/\/villanautilustamarindo.com\/es\/\",\"logo\":{\"@type\":\"ImageObject\",\"inLanguage\":\"es\",\"@id\":\"https:\/\/villanautilustamarindo.com\/es\/#\/schema\/logo\/image\/\",\"url\":\"https:\/\/villanautilustamarindo.com\/wp-content\/uploads\/2015\/11\/logo-250px.png\",\"contentUrl\":\"https:\/\/villanautilustamarindo.com\/wp-content\/uploads\/2015\/11\/logo-250px.png\",\"width\":250,\"height\":166,\"caption\":\"Villa Nautilus\"},\"image\":{\"@id\":\"https:\/\/villanautilustamarindo.com\/es\/#\/schema\/logo\/image\/\"},\"sameAs\":[\"https:\/\/www.facebook.com\/VillaNautilusTamarindo\"]}]}<\/script>\n<!-- \/ Yoast SEO plugin. -->","yoast_head_json":{"title":"Habitaciones y pisos","robots":{"index":"index","follow":"follow","max-snippet":"max-snippet:-1","max-image-preview":"max-image-preview:large","max-video-preview":"max-video-preview:-1"},"canonical":"https:\/\/villanautilustamarindo.com\/es\/chambre-studios\/","og_locale":"es_ES","og_type":"article","og_title":"Habitaciones y pisos","og_description":"Las habitaciones B&amp;B La Nautilus King room\u00a0: 24 m2 para 2 personas, equipada con una gran cama King-size, colch\u00f3n ortopedico, aire acondicionado, ventilador en el techo, mini nevera. Cuarto de ba\u00f1o propio en m\u00e1rmol y travertinos con ducha. Balc\u00f3n propio con vistas a la piscina y ventilador propio con un rinc\u00f3n comedor ideal para desayunar [&hellip;]","og_url":"https:\/\/villanautilustamarindo.com\/es\/chambre-studios\/","og_site_name":"Villa Nautilus","article_publisher":"https:\/\/www.facebook.com\/VillaNautilusTamarindo","article_modified_time":"2016-02-07T20:38:52+00:00","og_image":[{"url":"https:\/\/villanautilustamarindo.com\/wp-content\/uploads\/2015\/12\/slide-1.jpg","type":"","width":"","height":""}],"twitter_card":"summary_large_image","twitter_misc":{"Tiempo de lectura":"2 minutos"},"schema":{"@context":"https:\/\/schema.org","@graph":[{"@type":"WebPage","@id":"https:\/\/villanautilustamarindo.com\/es\/chambre-studios\/","url":"https:\/\/villanautilustamarindo.com\/es\/chambre-studios\/","name":"Habitaciones y pisos","isPartOf":{"@id":"https:\/\/villanautilustamarindo.com\/es\/#website"},"datePublished":"2015-11-06T01:12:30+00:00","dateModified":"2016-02-07T20:38:52+00:00","breadcrumb":{"@id":"https:\/\/villanautilustamarindo.com\/es\/chambre-studios\/#breadcrumb"},"inLanguage":"es","potentialAction":[{"@type":"ReadAction","target":["https:\/\/villanautilustamarindo.com\/es\/chambre-studios\/"]}]},{"@type":"BreadcrumbList","@id":"https:\/\/villanautilustamarindo.com\/es\/chambre-studios\/#breadcrumb","itemListElement":[{"@type":"ListItem","position":1,"name":"Accueil","item":"https:\/\/villanautilustamarindo.com\/es\/?lang=es"},{"@type":"ListItem","position":2,"name":"Habitaciones y pisos"}]},{"@type":"WebSite","@id":"https:\/\/villanautilustamarindo.com\/es\/#website","url":"https:\/\/villanautilustamarindo.com\/es\/","name":"Villa Nautilus","description":"","publisher":{"@id":"https:\/\/villanautilustamarindo.com\/es\/#organization"},"potentialAction":[{"@type":"SearchAction","target":{"@type":"EntryPoint","urlTemplate":"https:\/\/villanautilustamarindo.com\/es\/?s={search_term_string}"},"query-input":{"@type":"PropertyValueSpecification","valueRequired":true,"valueName":"search_term_string"}}],"inLanguage":"es"},{"@type":"Organization","@id":"https:\/\/villanautilustamarindo.com\/es\/#organization","name":"Villa Nautilus","url":"https:\/\/villanautilustamarindo.com\/es\/","logo":{"@type":"ImageObject","inLanguage":"es","@id":"https:\/\/villanautilustamarindo.com\/es\/#\/schema\/logo\/image\/","url":"https:\/\/villanautilustamarindo.com\/wp-content\/uploads\/2015\/11\/logo-250px.png","contentUrl":"https:\/\/villanautilustamarindo.com\/wp-content\/uploads\/2015\/11\/logo-250px.png","width":250,"height":166,"caption":"Villa Nautilus"},"image":{"@id":"https:\/\/villanautilustamarindo.com\/es\/#\/schema\/logo\/image\/"},"sameAs":["https:\/\/www.facebook.com\/VillaNautilusTamarindo"]}]}},"_links":{"self":[{"href":"https:\/\/villanautilustamarindo.com\/es\/wp-json\/wp\/v2\/pages\/237","targetHints":{"allow":["GET"]}}],"collection":[{"href":"https:\/\/villanautilustamarindo.com\/es\/wp-json\/wp\/v2\/pages"}],"about":[{"href":"https:\/\/villanautilustamarindo.com\/es\/wp-json\/wp\/v2\/types\/page"}],"author":[{"embeddable":true,"href":"https:\/\/villanautilustamarindo.com\/es\/wp-json\/wp\/v2\/users\/1"}],"replies":[{"embeddable":true,"href":"https:\/\/villanautilustamarindo.com\/es\/wp-json\/wp\/v2\/comments?post=237"}],"version-history":[{"count":21,"href":"https:\/\/villanautilustamarindo.com\/es\/wp-json\/wp\/v2\/pages\/237\/revisions"}],"predecessor-version":[{"id":623,"href":"https:\/\/villanautilustamarindo.com\/es\/wp-json\/wp\/v2\/pages\/237\/revisions\/623"}],"wp:attachment":[{"href":"https:\/\/villanautilustamarindo.com\/es\/wp-json\/wp\/v2\/media?parent=237"}],"curies":[{"name":"wp","href":"https:\/\/api.w.org\/{rel}","templated":true}]}}