{"id":231,"date":"2015-11-06T02:12:05","date_gmt":"2015-11-06T01:12:05","guid":{"rendered":"https:\/\/villanautilustamarindo.com\/es\/la-villa-nautilus\/"},"modified":"2016-01-14T21:03:01","modified_gmt":"2016-01-14T20:03:01","slug":"villa-nautilus","status":"publish","type":"page","link":"https:\/\/villanautilustamarindo.com\/es\/villa-nautilus\/","title":{"rendered":"Villa Nautilus"},"content":{"rendered":"<h1>La Villa Nautilus<\/h1>\n<p>En la parte Oeste de la localidad, a tan solo 250 metros de la playa, se sit\u00faa la Villa Nautilus.<\/p>\n<p>Adem\u00e1s, estando a tan solo 200 metros de la reserva natural del parque nacional \u201cMarino Las Baulas\u201d, por su parte de Playa Langosta, decenas de p\u00e1jaros nos regalan sus colores y melod\u00edas en sus visitas diarias. Colibr\u00eds, loros, tangaras de todos los colores y los tipos. Incluso un mono espont\u00e1neo nos visita sin cita previa para apropiarse de las sabrosas papayas del jard\u00edn. Y qu\u00e9 decir de las iguanas, peque\u00f1as y grandes, de todos los colores que, perezosas, se asoman a lo alto de los \u00e1rboles para tomar el sol.<\/p>\n<p>Esta es tambi\u00e9n una zona residencial donde conviven diferentes nacionalidades (por su puesto, costarricenses, pero tambi\u00e9n italianos, norteamericanos, franceses), reflejo de la multiculturalidad de esta peque\u00f1a localidad. En ella, encuentran su sitio tambi\u00e9n diversos\u00a0restaurantes y hoteles as\u00ed como el Instituto Espa\u00f1ol Wayra a tan solo 100 metros, para los m\u00e1s estudiosos.<\/p>\n<p>Lo que algunos conocieron como Villa Imani en el pasado, cambi\u00f3 de propietarios y de nombre.<\/p>\n<p>Tras haber sido repensada de principio a fin, renovada y redecorada para un mayor confort en septiembre\u00adoctubre de 2015, se convirti\u00f3 en nuestra casa de hu\u00e9spedes B&amp;B y estudio Villa Nautilus.<\/p>\n<p>Esta casa encantadora y completamente remodelada hace tan solo dos a\u00f1os, se edifica en tres pisos.<\/p>\n<p>Los 4 estudios equipados con cocina propia se reparten por la planta baja, cada uno con dimensiones y personalidad diferente. El estudio Junior y el estudio Senior se encuentran a los lados de la casa y otros dos dan a la piscina.<\/p>\n<p>En el primer piso, reservado para la parte B&amp;B, hay dos habitaciones: la Nautilus King y la Coral Queen, con respectivas terrazas privadas o compartibles. La decoraci\u00f3n os transportar\u00e1 todav\u00eda m\u00e1s lejos. Perfectos por una luna de miel&#8230;<\/p>\n<p>El segundo piso corresponde a Laurent y Ag\u00e9lie. Desde \u00e9l har\u00e1n navegar la Villa Nautilus en perfecta direcci\u00f3n!<\/p>\n<p>En la parte delantera, como no pod\u00eda faltar, podr\u00e1n disfrutar de la piscina, con su Rancho que sirve como bar y el rinc\u00f3n comedor. Diversos espacios lounge les permitir\u00e1n relajarse o descansar tanto a la sombra como al sol.<\/p>\n<p>La parte alta del jard\u00edn es perfecta para aislarse con su peque\u00f1o espacio recluido.\u00a0Un jard\u00edn buc\u00f3lico lleno de plantas y flores de todo tipo rodea la casa creando una atm\u00f3sfera \u00fanica y rom\u00e1ntica.<\/p>\n<p>Salones de jard\u00edn, pufs XXL, as\u00ed como un modern\u00edsimo espacio dedicado a su bronceado sobre una red de catamar\u00e1n, est\u00e1n a su disposici\u00f3n. En lo que se refiere a la decoraci\u00f3n, hemos cuidado de otorgar y cuidar su personalidad y car\u00e1cter \u00fanico a Villa Nautilus confiri\u00e9ndole su propio estilo.<\/p>\n<p>Preserva esa \u201cFrench Touch\u201d que tanto nos identifica siendo reflejo de nuestros or\u00edgenes y que armoniza nuestros muebles y objetos familiares, baratijas que recopilamos a trav\u00e9s de los a\u00f1os y nuestros viajes, regalos de amigos, etc. Todo ello fusionado a una inevitable y preciosa \u201cTropical Touch\u201d. Colores suaves y c\u00e1lidos contribuyen a esta atm\u00f3sfera que no querr\u00e1n abandonar.<\/p>\n<p>A pesar de a veces sentirnos aislados, como en un verdadero oasis, la necesidad de conectar con el exterior se impone con frecuencia, por lo que no duden que encontrar\u00e1n un Wifi gratuito en toda la propiedad.Tampoco hemos olvidado los aspectos de seguridad. Circuito seguro, c\u00f3digo de acceso digital y sobre todo nuestra presencia 24\/7.<\/p>\n<p>Costa Rica es el pa\u00eds del eco\u00adturismo, y en Villa Nautilus nos esforzamos por ser absolutamente respetuosos con el entorno: detergente bio\u00addegradable, pol\u00edtica de energ\u00eda razonable, consumo de producto local y biol\u00f3gico.<\/p>\n<p>Lejos y a la vez cerca del tumultuoso centro de Tamarindo, no necesitar\u00e1n de un veh\u00edculo para disfrutar de la playa o de los numerosos restaurantes, bares, tiendas o actividades. Para aquellos que s\u00ed traer\u00e1n un veh\u00edculo, ponemos un parking a su disposici\u00f3n delante de la Villa.<\/p>\n<p>La casa de Hu\u00e9spedes Villa Nautilus ofrece a cada invitado la intimidad de una casa de vacaciones y de familia, libre de esp\u00edritu.<\/p>\n","protected":false},"excerpt":{"rendered":"<p>La Villa Nautilus En la parte Oeste de la localidad, a tan solo 250 metros de la playa, se sit\u00faa la Villa Nautilus. Adem\u00e1s, estando a tan solo 200 metros de la reserva natural del parque nacional \u201cMarino Las Baulas\u201d, por su parte de Playa Langosta, decenas de p\u00e1jaros nos regalan sus colores y melod\u00edas [&hellip;]<\/p>\n","protected":false},"author":1,"featured_media":0,"parent":0,"menu_order":0,"comment_status":"closed","ping_status":"closed","template":"","meta":{"footnotes":""},"class_list":["post-231","page","type-page","status-publish","hentry"],"yoast_head":"<!-- This site is optimized with the Yoast SEO plugin v26.6 - https:\/\/yoast.com\/wordpress\/plugins\/seo\/ -->\n<title>Villa Nautilus<\/title>\n<meta name=\"robots\" content=\"index, follow, max-snippet:-1, max-image-preview:large, max-video-preview:-1\" \/>\n<link rel=\"canonical\" href=\"https:\/\/villanautilustamarindo.com\/es\/villa-nautilus\/\" \/>\n<meta property=\"og:locale\" content=\"es_ES\" \/>\n<meta property=\"og:type\" content=\"article\" \/>\n<meta property=\"og:title\" content=\"Villa Nautilus\" \/>\n<meta property=\"og:description\" content=\"La Villa Nautilus En la parte Oeste de la localidad, a tan solo 250 metros de la playa, se sit\u00faa la Villa Nautilus. Adem\u00e1s, estando a tan solo 200 metros de la reserva natural del parque nacional \u201cMarino Las Baulas\u201d, por su parte de Playa Langosta, decenas de p\u00e1jaros nos regalan sus colores y melod\u00edas [&hellip;]\" \/>\n<meta property=\"og:url\" content=\"https:\/\/villanautilustamarindo.com\/es\/villa-nautilus\/\" \/>\n<meta property=\"og:site_name\" content=\"Villa Nautilus\" \/>\n<meta property=\"article:publisher\" content=\"https:\/\/www.facebook.com\/VillaNautilusTamarindo\" \/>\n<meta property=\"article:modified_time\" content=\"2016-01-14T20:03:01+00:00\" \/>\n<meta property=\"og:image\" content=\"https:\/\/villanautilustamarindo.com\/wp-content\/uploads\/2015\/12\/slide-1.jpg\" \/>\n<meta name=\"twitter:card\" content=\"summary_large_image\" \/>\n<meta name=\"twitter:label1\" content=\"Tiempo de lectura\" \/>\n\t<meta name=\"twitter:data1\" content=\"4 minutos\" \/>\n<script type=\"application\/ld+json\" class=\"yoast-schema-graph\">{\"@context\":\"https:\/\/schema.org\",\"@graph\":[{\"@type\":\"WebPage\",\"@id\":\"https:\/\/villanautilustamarindo.com\/es\/villa-nautilus\/\",\"url\":\"https:\/\/villanautilustamarindo.com\/es\/villa-nautilus\/\",\"name\":\"Villa Nautilus\",\"isPartOf\":{\"@id\":\"https:\/\/villanautilustamarindo.com\/es\/#website\"},\"datePublished\":\"2015-11-06T01:12:05+00:00\",\"dateModified\":\"2016-01-14T20:03:01+00:00\",\"breadcrumb\":{\"@id\":\"https:\/\/villanautilustamarindo.com\/es\/villa-nautilus\/#breadcrumb\"},\"inLanguage\":\"es\",\"potentialAction\":[{\"@type\":\"ReadAction\",\"target\":[\"https:\/\/villanautilustamarindo.com\/es\/villa-nautilus\/\"]}]},{\"@type\":\"BreadcrumbList\",\"@id\":\"https:\/\/villanautilustamarindo.com\/es\/villa-nautilus\/#breadcrumb\",\"itemListElement\":[{\"@type\":\"ListItem\",\"position\":1,\"name\":\"Accueil\",\"item\":\"https:\/\/villanautilustamarindo.com\/es\/?lang=es\"},{\"@type\":\"ListItem\",\"position\":2,\"name\":\"Villa Nautilus\"}]},{\"@type\":\"WebSite\",\"@id\":\"https:\/\/villanautilustamarindo.com\/es\/#website\",\"url\":\"https:\/\/villanautilustamarindo.com\/es\/\",\"name\":\"Villa Nautilus\",\"description\":\"\",\"publisher\":{\"@id\":\"https:\/\/villanautilustamarindo.com\/es\/#organization\"},\"potentialAction\":[{\"@type\":\"SearchAction\",\"target\":{\"@type\":\"EntryPoint\",\"urlTemplate\":\"https:\/\/villanautilustamarindo.com\/es\/?s={search_term_string}\"},\"query-input\":{\"@type\":\"PropertyValueSpecification\",\"valueRequired\":true,\"valueName\":\"search_term_string\"}}],\"inLanguage\":\"es\"},{\"@type\":\"Organization\",\"@id\":\"https:\/\/villanautilustamarindo.com\/es\/#organization\",\"name\":\"Villa Nautilus\",\"url\":\"https:\/\/villanautilustamarindo.com\/es\/\",\"logo\":{\"@type\":\"ImageObject\",\"inLanguage\":\"es\",\"@id\":\"https:\/\/villanautilustamarindo.com\/es\/#\/schema\/logo\/image\/\",\"url\":\"https:\/\/villanautilustamarindo.com\/wp-content\/uploads\/2015\/11\/logo-250px.png\",\"contentUrl\":\"https:\/\/villanautilustamarindo.com\/wp-content\/uploads\/2015\/11\/logo-250px.png\",\"width\":250,\"height\":166,\"caption\":\"Villa Nautilus\"},\"image\":{\"@id\":\"https:\/\/villanautilustamarindo.com\/es\/#\/schema\/logo\/image\/\"},\"sameAs\":[\"https:\/\/www.facebook.com\/VillaNautilusTamarindo\"]}]}<\/script>\n<!-- \/ Yoast SEO plugin. -->","yoast_head_json":{"title":"Villa Nautilus","robots":{"index":"index","follow":"follow","max-snippet":"max-snippet:-1","max-image-preview":"max-image-preview:large","max-video-preview":"max-video-preview:-1"},"canonical":"https:\/\/villanautilustamarindo.com\/es\/villa-nautilus\/","og_locale":"es_ES","og_type":"article","og_title":"Villa Nautilus","og_description":"La Villa Nautilus En la parte Oeste de la localidad, a tan solo 250 metros de la playa, se sit\u00faa la Villa Nautilus. Adem\u00e1s, estando a tan solo 200 metros de la reserva natural del parque nacional \u201cMarino Las Baulas\u201d, por su parte de Playa Langosta, decenas de p\u00e1jaros nos regalan sus colores y melod\u00edas [&hellip;]","og_url":"https:\/\/villanautilustamarindo.com\/es\/villa-nautilus\/","og_site_name":"Villa Nautilus","article_publisher":"https:\/\/www.facebook.com\/VillaNautilusTamarindo","article_modified_time":"2016-01-14T20:03:01+00:00","og_image":[{"url":"https:\/\/villanautilustamarindo.com\/wp-content\/uploads\/2015\/12\/slide-1.jpg","type":"","width":"","height":""}],"twitter_card":"summary_large_image","twitter_misc":{"Tiempo de lectura":"4 minutos"},"schema":{"@context":"https:\/\/schema.org","@graph":[{"@type":"WebPage","@id":"https:\/\/villanautilustamarindo.com\/es\/villa-nautilus\/","url":"https:\/\/villanautilustamarindo.com\/es\/villa-nautilus\/","name":"Villa Nautilus","isPartOf":{"@id":"https:\/\/villanautilustamarindo.com\/es\/#website"},"datePublished":"2015-11-06T01:12:05+00:00","dateModified":"2016-01-14T20:03:01+00:00","breadcrumb":{"@id":"https:\/\/villanautilustamarindo.com\/es\/villa-nautilus\/#breadcrumb"},"inLanguage":"es","potentialAction":[{"@type":"ReadAction","target":["https:\/\/villanautilustamarindo.com\/es\/villa-nautilus\/"]}]},{"@type":"BreadcrumbList","@id":"https:\/\/villanautilustamarindo.com\/es\/villa-nautilus\/#breadcrumb","itemListElement":[{"@type":"ListItem","position":1,"name":"Accueil","item":"https:\/\/villanautilustamarindo.com\/es\/?lang=es"},{"@type":"ListItem","position":2,"name":"Villa Nautilus"}]},{"@type":"WebSite","@id":"https:\/\/villanautilustamarindo.com\/es\/#website","url":"https:\/\/villanautilustamarindo.com\/es\/","name":"Villa Nautilus","description":"","publisher":{"@id":"https:\/\/villanautilustamarindo.com\/es\/#organization"},"potentialAction":[{"@type":"SearchAction","target":{"@type":"EntryPoint","urlTemplate":"https:\/\/villanautilustamarindo.com\/es\/?s={search_term_string}"},"query-input":{"@type":"PropertyValueSpecification","valueRequired":true,"valueName":"search_term_string"}}],"inLanguage":"es"},{"@type":"Organization","@id":"https:\/\/villanautilustamarindo.com\/es\/#organization","name":"Villa Nautilus","url":"https:\/\/villanautilustamarindo.com\/es\/","logo":{"@type":"ImageObject","inLanguage":"es","@id":"https:\/\/villanautilustamarindo.com\/es\/#\/schema\/logo\/image\/","url":"https:\/\/villanautilustamarindo.com\/wp-content\/uploads\/2015\/11\/logo-250px.png","contentUrl":"https:\/\/villanautilustamarindo.com\/wp-content\/uploads\/2015\/11\/logo-250px.png","width":250,"height":166,"caption":"Villa Nautilus"},"image":{"@id":"https:\/\/villanautilustamarindo.com\/es\/#\/schema\/logo\/image\/"},"sameAs":["https:\/\/www.facebook.com\/VillaNautilusTamarindo"]}]}},"_links":{"self":[{"href":"https:\/\/villanautilustamarindo.com\/es\/wp-json\/wp\/v2\/pages\/231","targetHints":{"allow":["GET"]}}],"collection":[{"href":"https:\/\/villanautilustamarindo.com\/es\/wp-json\/wp\/v2\/pages"}],"about":[{"href":"https:\/\/villanautilustamarindo.com\/es\/wp-json\/wp\/v2\/types\/page"}],"author":[{"embeddable":true,"href":"https:\/\/villanautilustamarindo.com\/es\/wp-json\/wp\/v2\/users\/1"}],"replies":[{"embeddable":true,"href":"https:\/\/villanautilustamarindo.com\/es\/wp-json\/wp\/v2\/comments?post=231"}],"version-history":[{"count":8,"href":"https:\/\/villanautilustamarindo.com\/es\/wp-json\/wp\/v2\/pages\/231\/revisions"}],"predecessor-version":[{"id":490,"href":"https:\/\/villanautilustamarindo.com\/es\/wp-json\/wp\/v2\/pages\/231\/revisions\/490"}],"wp:attachment":[{"href":"https:\/\/villanautilustamarindo.com\/es\/wp-json\/wp\/v2\/media?parent=231"}],"curies":[{"name":"wp","href":"https:\/\/api.w.org\/{rel}","templated":true}]}}