{"id":215,"date":"2015-11-05T21:35:26","date_gmt":"2015-11-05T20:35:26","guid":{"rendered":"https:\/\/villanautilustamarindo.com\/es\/a-propos\/"},"modified":"2016-01-14T20:47:32","modified_gmt":"2016-01-14T19:47:32","slug":"sobre-nosotros","status":"publish","type":"page","link":"https:\/\/villanautilustamarindo.com\/es\/sobre-nosotros\/","title":{"rendered":"Sobre nosotros y Tamarindo"},"content":{"rendered":"<p>Somos una pareja casada Franc\u00e9sa que hemos vivido en varios destinos por todo el mundo. <img loading=\"lazy\" decoding=\"async\" class=\"size-medium wp-image-88 alignright\" src=\"https:\/\/villanautilustamarindo.com\/wp-content\/uploads\/2015\/11\/45-bidrop.com-2015-12-04-103606-109-300x200.jpg\" alt=\"(45) bidrop.com-2015-12-04-103606 - (109)\" width=\"300\" height=\"200\" srcset=\"https:\/\/villanautilustamarindo.com\/wp-content\/uploads\/2015\/11\/45-bidrop.com-2015-12-04-103606-109-300x200.jpg 300w, https:\/\/villanautilustamarindo.com\/wp-content\/uploads\/2015\/11\/45-bidrop.com-2015-12-04-103606-109-768x513.jpg 768w, https:\/\/villanautilustamarindo.com\/wp-content\/uploads\/2015\/11\/45-bidrop.com-2015-12-04-103606-109.jpg 800w\" sizes=\"auto, (max-width: 300px) 100vw, 300px\" \/> En Estados Unidos para los estudios, New York, y California. Hemos trabajado en multitud de ciudades: Madrid, Londres, Lima, Liberia (C.R.), Auckland. Hemos pasado tres a\u00f1os en Nueva Zelanda, pero Am\u00e9rica Latina nos atraia. Y fue Costa Rica quien, con su vibraci\u00f3n y sus encantos, que nos encontramos en Playa Tamarindo.<\/p>\n<p>Laurent conoce este lugar desde hace m\u00e1s de 18 a\u00f1os vino a buscar aventura para hacer surf y se enamor\u00f3 sin remedio de este magn\u00edfico pa\u00eds, de sus habitantes, este abrio unos encuentros incre\u00edbles. Fue ese flechazo que nunca olvid\u00f3, esa historia inacabada, la que le ha hecho volver una y otra vez a lo largo de su vida, hasta nueve veces! Hasta que finalmente decidi\u00f3 entregarse a su pasi\u00f3n e instalarse aqu\u00ed con su esposa a qui\u00e9n comparte con \u00e9l la fascinaci\u00f3n por este lugar \u00fanico.<\/p>\n<p>En 2014, Laurent le hizo descubrir el pa\u00eds con la idea y la voluntad de empiezar su propio negocio en la hosteler\u00eda. Ag\u00e9lie es una profesional de este sector, especializada en establecimientos de gran cach\u00e9 (Restaurantes 3 estrellas Michelin, los prestigiosos hoteles con encanto y restaurantes gastron\u00f3micos Relais &amp; Ch\u00e2teaux, Westin\/Sofitel, el grupo Ascott o tiendas de delicatesen). Por su parte, Laurent ha ido evolucionando como Manager en el sector de los Servicios as\u00ed como en el BtoB, import\/export, de peque\u00f1as y grandes empresas. Todas estas experiencias estanpara servirlos.<\/p>\n<p>Les recibiremos y compartiremos nuestras experiencias en perfecto franc\u00e9s, ingl\u00e9s o espa\u00f1ol.<\/p>\n<h2>Tamarindo<\/h2>\n<p><a href=\"https:\/\/villanautilustamarindo.com\/wp-content\/uploads\/2015\/12\/Photos-aerienne-de-Tamarindo.jpg\" rel=\"attachment wp-att-94\"><img loading=\"lazy\" decoding=\"async\" class=\"alignnone size-full wp-image-94\" src=\"https:\/\/villanautilustamarindo.com\/wp-content\/uploads\/2015\/12\/Photos-aerienne-de-Tamarindo.jpg\" alt=\"Photos aerienne de Tamarindo\" width=\"960\" height=\"460\" srcset=\"https:\/\/villanautilustamarindo.com\/wp-content\/uploads\/2015\/12\/Photos-aerienne-de-Tamarindo.jpg 960w, https:\/\/villanautilustamarindo.com\/wp-content\/uploads\/2015\/12\/Photos-aerienne-de-Tamarindo-300x144.jpg 300w, https:\/\/villanautilustamarindo.com\/wp-content\/uploads\/2015\/12\/Photos-aerienne-de-Tamarindo-768x368.jpg 768w, https:\/\/villanautilustamarindo.com\/wp-content\/uploads\/2015\/12\/Photos-aerienne-de-Tamarindo-930x446.jpg 930w\" sizes=\"auto, (max-width: 960px) 100vw, 960px\" \/><\/a><br \/>\nTras recorrer Costa Rica durante varios meses, Playa Tamarindo fue una revelaci\u00f3n para nosotros. Es el lugar que est\u00e1bamos buscando.<\/p>\n<p>Tamarindo les ofrece las ventajas de una comunidad desarrollada, con todas las facilidades que necesitan como restaurantes de todo tipos, bares y discotecas para sus noches, tiendas chic y hasta casino.<\/p>\n<p>La bah\u00eda de Tamarindo y la regi\u00f3n de Guanacaste ofrecen actividades muy diversas: \u00ad Obre tierra hay paseos a caballo, excursiones en la selva, una vuelta en ATC, saltos en cable (tirolina) entre los \u00e1rboles, golf con dos inolvidables recorridos al borde del mar, el descubrimiento del mundo de las tortugas Luth en ciertos per\u00edodos del a\u00f1o, el volc\u00e1n<\/p>\n<p>Arenal, el parque Rinc\u00f3n de la Vieja, el de Barra Honda&#8230; \u00ad N\u00e1uticas, como el surf por supuesto, tanto para principiantes como para grandes amateurs, paddle board, kayac en los manglares, un momento inolvidable sobre un catamar\u00e1n o un velero de 2 m\u00e1stiles hasta la codiciada puesta de sol, pesca deportiva, buceo en el mar, o snorkel&#8230;<\/p>\n<p>La casa de Hu\u00e9spedes Villa Nautilus dispone de un servicio de conserjer\u00eda para aconsejarle y ocuparse de sus reservaciones seg\u00fan sus ganas de aventura o de reposo, o simplemente encargarse de organizar su shuttle (bus), un taxi&#8230; A diferencia de otros hoteles, Villa Nautilus no les cobraremos extra por este servicio, No duden en solicitarnos en su email.<\/p>\n<p>Tamarindo dispone de un acceso f\u00e1cil en cualquier medio de transporte. Estamos rodeados con mas de 10 playas magn\u00edfica (y otros tantos puntos de surf!) todos accesibles en menos de media hora en coche.<\/p>\n<p>Los numerosos parques nacionales, cuya flora y cuya fauna de Guanacaste reposan a la espera de su llegada para maravillarles durante todo el a\u00f1o. esta region ha sido bendecida por uno de los mejores climas a lo largo Costa Rica.<\/p>\n<p>Si todav\u00eda no han tomado su decisi\u00f3n, les invitamos a visitar a sus futuras vacaciones aqu\u00ed:<\/p>\n<p><a href=\"https:\/\/vimeo.com\/110737870\" target=\"_blank\">Vimeo aqu\u00ed<\/a><\/p>\n<p><a href=\"http:\/\/mentalfloss.com\/article\/60631\/16\u00adthings\u00adyou\u00admight\u00adnot\u00adknow\u00adabout-costa\u00adrica\" target=\"_blank\">Mentafloss.com aqu\u00ed<\/a><\/p>\n","protected":false},"excerpt":{"rendered":"<p>Somos una pareja casada Franc\u00e9sa que hemos vivido en varios destinos por todo el mundo. En Estados Unidos para los estudios, New York, y California. Hemos trabajado en multitud de ciudades: Madrid, Londres, Lima, Liberia (C.R.), Auckland. Hemos pasado tres a\u00f1os en Nueva Zelanda, pero Am\u00e9rica Latina nos atraia. Y fue Costa Rica quien, con [&hellip;]<\/p>\n","protected":false},"author":1,"featured_media":0,"parent":0,"menu_order":0,"comment_status":"closed","ping_status":"closed","template":"","meta":{"footnotes":""},"class_list":["post-215","page","type-page","status-publish","hentry"],"yoast_head":"<!-- This site is optimized with the Yoast SEO plugin v26.6 - https:\/\/yoast.com\/wordpress\/plugins\/seo\/ -->\n<title>Sobre nosotros y Tamarindo<\/title>\n<meta name=\"robots\" content=\"index, follow, max-snippet:-1, max-image-preview:large, max-video-preview:-1\" \/>\n<link rel=\"canonical\" href=\"https:\/\/villanautilustamarindo.com\/es\/sobre-nosotros\/\" \/>\n<meta property=\"og:locale\" content=\"es_ES\" \/>\n<meta property=\"og:type\" content=\"article\" \/>\n<meta property=\"og:title\" content=\"Sobre nosotros y Tamarindo\" \/>\n<meta property=\"og:description\" content=\"Somos una pareja casada Franc\u00e9sa que hemos vivido en varios destinos por todo el mundo. En Estados Unidos para los estudios, New York, y California. Hemos trabajado en multitud de ciudades: Madrid, Londres, Lima, Liberia (C.R.), Auckland. Hemos pasado tres a\u00f1os en Nueva Zelanda, pero Am\u00e9rica Latina nos atraia. Y fue Costa Rica quien, con [&hellip;]\" \/>\n<meta property=\"og:url\" content=\"https:\/\/villanautilustamarindo.com\/es\/sobre-nosotros\/\" \/>\n<meta property=\"og:site_name\" content=\"Villa Nautilus\" \/>\n<meta property=\"article:publisher\" content=\"https:\/\/www.facebook.com\/VillaNautilusTamarindo\" \/>\n<meta property=\"article:modified_time\" content=\"2016-01-14T19:47:32+00:00\" \/>\n<meta property=\"og:image\" content=\"https:\/\/villanautilustamarindo.com\/wp-content\/uploads\/2015\/11\/45-bidrop.com-2015-12-04-103606-109-300x200.jpg\" \/>\n<meta name=\"twitter:card\" content=\"summary_large_image\" \/>\n<meta name=\"twitter:label1\" content=\"Tiempo de lectura\" \/>\n\t<meta name=\"twitter:data1\" content=\"3 minutos\" \/>\n<script type=\"application\/ld+json\" class=\"yoast-schema-graph\">{\"@context\":\"https:\/\/schema.org\",\"@graph\":[{\"@type\":\"WebPage\",\"@id\":\"https:\/\/villanautilustamarindo.com\/es\/sobre-nosotros\/\",\"url\":\"https:\/\/villanautilustamarindo.com\/es\/sobre-nosotros\/\",\"name\":\"Sobre nosotros y Tamarindo\",\"isPartOf\":{\"@id\":\"https:\/\/villanautilustamarindo.com\/es\/#website\"},\"primaryImageOfPage\":{\"@id\":\"https:\/\/villanautilustamarindo.com\/es\/sobre-nosotros\/#primaryimage\"},\"image\":{\"@id\":\"https:\/\/villanautilustamarindo.com\/es\/sobre-nosotros\/#primaryimage\"},\"thumbnailUrl\":\"https:\/\/villanautilustamarindo.com\/wp-content\/uploads\/2015\/11\/45-bidrop.com-2015-12-04-103606-109-300x200.jpg\",\"datePublished\":\"2015-11-05T20:35:26+00:00\",\"dateModified\":\"2016-01-14T19:47:32+00:00\",\"breadcrumb\":{\"@id\":\"https:\/\/villanautilustamarindo.com\/es\/sobre-nosotros\/#breadcrumb\"},\"inLanguage\":\"es\",\"potentialAction\":[{\"@type\":\"ReadAction\",\"target\":[\"https:\/\/villanautilustamarindo.com\/es\/sobre-nosotros\/\"]}]},{\"@type\":\"ImageObject\",\"inLanguage\":\"es\",\"@id\":\"https:\/\/villanautilustamarindo.com\/es\/sobre-nosotros\/#primaryimage\",\"url\":\"https:\/\/villanautilustamarindo.com\/wp-content\/uploads\/2015\/11\/45-bidrop.com-2015-12-04-103606-109-300x200.jpg\",\"contentUrl\":\"https:\/\/villanautilustamarindo.com\/wp-content\/uploads\/2015\/11\/45-bidrop.com-2015-12-04-103606-109-300x200.jpg\"},{\"@type\":\"BreadcrumbList\",\"@id\":\"https:\/\/villanautilustamarindo.com\/es\/sobre-nosotros\/#breadcrumb\",\"itemListElement\":[{\"@type\":\"ListItem\",\"position\":1,\"name\":\"Accueil\",\"item\":\"https:\/\/villanautilustamarindo.com\/es\/?lang=es\"},{\"@type\":\"ListItem\",\"position\":2,\"name\":\"Sobre nosotros y Tamarindo\"}]},{\"@type\":\"WebSite\",\"@id\":\"https:\/\/villanautilustamarindo.com\/es\/#website\",\"url\":\"https:\/\/villanautilustamarindo.com\/es\/\",\"name\":\"Villa Nautilus\",\"description\":\"\",\"publisher\":{\"@id\":\"https:\/\/villanautilustamarindo.com\/es\/#organization\"},\"potentialAction\":[{\"@type\":\"SearchAction\",\"target\":{\"@type\":\"EntryPoint\",\"urlTemplate\":\"https:\/\/villanautilustamarindo.com\/es\/?s={search_term_string}\"},\"query-input\":{\"@type\":\"PropertyValueSpecification\",\"valueRequired\":true,\"valueName\":\"search_term_string\"}}],\"inLanguage\":\"es\"},{\"@type\":\"Organization\",\"@id\":\"https:\/\/villanautilustamarindo.com\/es\/#organization\",\"name\":\"Villa Nautilus\",\"url\":\"https:\/\/villanautilustamarindo.com\/es\/\",\"logo\":{\"@type\":\"ImageObject\",\"inLanguage\":\"es\",\"@id\":\"https:\/\/villanautilustamarindo.com\/es\/#\/schema\/logo\/image\/\",\"url\":\"https:\/\/villanautilustamarindo.com\/wp-content\/uploads\/2015\/11\/logo-250px.png\",\"contentUrl\":\"https:\/\/villanautilustamarindo.com\/wp-content\/uploads\/2015\/11\/logo-250px.png\",\"width\":250,\"height\":166,\"caption\":\"Villa Nautilus\"},\"image\":{\"@id\":\"https:\/\/villanautilustamarindo.com\/es\/#\/schema\/logo\/image\/\"},\"sameAs\":[\"https:\/\/www.facebook.com\/VillaNautilusTamarindo\"]}]}<\/script>\n<!-- \/ Yoast SEO plugin. -->","yoast_head_json":{"title":"Sobre nosotros y Tamarindo","robots":{"index":"index","follow":"follow","max-snippet":"max-snippet:-1","max-image-preview":"max-image-preview:large","max-video-preview":"max-video-preview:-1"},"canonical":"https:\/\/villanautilustamarindo.com\/es\/sobre-nosotros\/","og_locale":"es_ES","og_type":"article","og_title":"Sobre nosotros y Tamarindo","og_description":"Somos una pareja casada Franc\u00e9sa que hemos vivido en varios destinos por todo el mundo. En Estados Unidos para los estudios, New York, y California. Hemos trabajado en multitud de ciudades: Madrid, Londres, Lima, Liberia (C.R.), Auckland. Hemos pasado tres a\u00f1os en Nueva Zelanda, pero Am\u00e9rica Latina nos atraia. Y fue Costa Rica quien, con [&hellip;]","og_url":"https:\/\/villanautilustamarindo.com\/es\/sobre-nosotros\/","og_site_name":"Villa Nautilus","article_publisher":"https:\/\/www.facebook.com\/VillaNautilusTamarindo","article_modified_time":"2016-01-14T19:47:32+00:00","og_image":[{"url":"https:\/\/villanautilustamarindo.com\/wp-content\/uploads\/2015\/11\/45-bidrop.com-2015-12-04-103606-109-300x200.jpg","type":"","width":"","height":""}],"twitter_card":"summary_large_image","twitter_misc":{"Tiempo de lectura":"3 minutos"},"schema":{"@context":"https:\/\/schema.org","@graph":[{"@type":"WebPage","@id":"https:\/\/villanautilustamarindo.com\/es\/sobre-nosotros\/","url":"https:\/\/villanautilustamarindo.com\/es\/sobre-nosotros\/","name":"Sobre nosotros y Tamarindo","isPartOf":{"@id":"https:\/\/villanautilustamarindo.com\/es\/#website"},"primaryImageOfPage":{"@id":"https:\/\/villanautilustamarindo.com\/es\/sobre-nosotros\/#primaryimage"},"image":{"@id":"https:\/\/villanautilustamarindo.com\/es\/sobre-nosotros\/#primaryimage"},"thumbnailUrl":"https:\/\/villanautilustamarindo.com\/wp-content\/uploads\/2015\/11\/45-bidrop.com-2015-12-04-103606-109-300x200.jpg","datePublished":"2015-11-05T20:35:26+00:00","dateModified":"2016-01-14T19:47:32+00:00","breadcrumb":{"@id":"https:\/\/villanautilustamarindo.com\/es\/sobre-nosotros\/#breadcrumb"},"inLanguage":"es","potentialAction":[{"@type":"ReadAction","target":["https:\/\/villanautilustamarindo.com\/es\/sobre-nosotros\/"]}]},{"@type":"ImageObject","inLanguage":"es","@id":"https:\/\/villanautilustamarindo.com\/es\/sobre-nosotros\/#primaryimage","url":"https:\/\/villanautilustamarindo.com\/wp-content\/uploads\/2015\/11\/45-bidrop.com-2015-12-04-103606-109-300x200.jpg","contentUrl":"https:\/\/villanautilustamarindo.com\/wp-content\/uploads\/2015\/11\/45-bidrop.com-2015-12-04-103606-109-300x200.jpg"},{"@type":"BreadcrumbList","@id":"https:\/\/villanautilustamarindo.com\/es\/sobre-nosotros\/#breadcrumb","itemListElement":[{"@type":"ListItem","position":1,"name":"Accueil","item":"https:\/\/villanautilustamarindo.com\/es\/?lang=es"},{"@type":"ListItem","position":2,"name":"Sobre nosotros y Tamarindo"}]},{"@type":"WebSite","@id":"https:\/\/villanautilustamarindo.com\/es\/#website","url":"https:\/\/villanautilustamarindo.com\/es\/","name":"Villa Nautilus","description":"","publisher":{"@id":"https:\/\/villanautilustamarindo.com\/es\/#organization"},"potentialAction":[{"@type":"SearchAction","target":{"@type":"EntryPoint","urlTemplate":"https:\/\/villanautilustamarindo.com\/es\/?s={search_term_string}"},"query-input":{"@type":"PropertyValueSpecification","valueRequired":true,"valueName":"search_term_string"}}],"inLanguage":"es"},{"@type":"Organization","@id":"https:\/\/villanautilustamarindo.com\/es\/#organization","name":"Villa Nautilus","url":"https:\/\/villanautilustamarindo.com\/es\/","logo":{"@type":"ImageObject","inLanguage":"es","@id":"https:\/\/villanautilustamarindo.com\/es\/#\/schema\/logo\/image\/","url":"https:\/\/villanautilustamarindo.com\/wp-content\/uploads\/2015\/11\/logo-250px.png","contentUrl":"https:\/\/villanautilustamarindo.com\/wp-content\/uploads\/2015\/11\/logo-250px.png","width":250,"height":166,"caption":"Villa Nautilus"},"image":{"@id":"https:\/\/villanautilustamarindo.com\/es\/#\/schema\/logo\/image\/"},"sameAs":["https:\/\/www.facebook.com\/VillaNautilusTamarindo"]}]}},"_links":{"self":[{"href":"https:\/\/villanautilustamarindo.com\/es\/wp-json\/wp\/v2\/pages\/215","targetHints":{"allow":["GET"]}}],"collection":[{"href":"https:\/\/villanautilustamarindo.com\/es\/wp-json\/wp\/v2\/pages"}],"about":[{"href":"https:\/\/villanautilustamarindo.com\/es\/wp-json\/wp\/v2\/types\/page"}],"author":[{"embeddable":true,"href":"https:\/\/villanautilustamarindo.com\/es\/wp-json\/wp\/v2\/users\/1"}],"replies":[{"embeddable":true,"href":"https:\/\/villanautilustamarindo.com\/es\/wp-json\/wp\/v2\/comments?post=215"}],"version-history":[{"count":7,"href":"https:\/\/villanautilustamarindo.com\/es\/wp-json\/wp\/v2\/pages\/215\/revisions"}],"predecessor-version":[{"id":486,"href":"https:\/\/villanautilustamarindo.com\/es\/wp-json\/wp\/v2\/pages\/215\/revisions\/486"}],"wp:attachment":[{"href":"https:\/\/villanautilustamarindo.com\/es\/wp-json\/wp\/v2\/media?parent=215"}],"curies":[{"name":"wp","href":"https:\/\/api.w.org\/{rel}","templated":true}]}}