{"id":210,"date":"2015-11-06T02:53:06","date_gmt":"2015-11-06T01:53:06","guid":{"rendered":"https:\/\/villanautilustamarindo.com\/es\/comment-s-y-rendre\/"},"modified":"2016-01-04T21:33:45","modified_gmt":"2016-01-04T20:33:45","slug":"como-llegar","status":"publish","type":"page","link":"https:\/\/villanautilustamarindo.com\/es\/como-llegar\/","title":{"rendered":"C\u00f3mo llegar a la Villa Nautilus"},"content":{"rendered":"<p><strong>GPS :<\/strong> 10 17&#8242; 43. 71 N \/ 85 50&#8242; 28.93 W<\/p>\n<h2>Desde el aeropuerto Internacional Daniel Oduber Quiros Liberia (LIR)<\/h2>\n<p><span style=\"font-weight: 400;\">Trayecto de 65km de aproximadamente una hora de coche.<\/span><\/p>\n<ol>\n<li style=\"font-weight: 400;\"><span style=\"font-weight: 400;\">A la salida del aeropuerto, tomar la salida de la carretera 21<\/span><\/li>\n<li style=\"font-weight: 400;\"><span style=\"font-weight: 400;\">Continuar por la 21 durante 30km. Pasaran por los pueblos de Guardia, Comunidad, Palmira, Filadelfia<\/span><\/li>\n<li style=\"font-weight: 400;\"><span style=\"font-weight: 400;\">En Belen, tomar la carretera 155 a la derecha, antes de la estaci\u00f3n de servicio, direcci\u00f3n Flamingo \/ Tamarindo<\/span><\/li>\n<li style=\"font-weight: 400;\"><span style=\"font-weight: 400;\">Continuar por la 155 durante 25km. Pasaran por los pueblos de Santa Ana, Coyolito, Lorena, El Llano<\/span><\/li>\n<li style=\"font-weight: 400;\"><span style=\"font-weight: 400;\">En Huacas, girar a la derecha, continuando por la 155 direcci\u00f3n Tamarindo<\/span><\/li>\n<li style=\"font-weight: 400;\"><span style=\"font-weight: 400;\">En Villareal, girar a la derecha, direcci\u00f3n Tamarindo<\/span><\/li>\n<li style=\"font-weight: 400;\"><span style=\"font-weight: 400;\">En Tamarindo, girar a la izquierda direcci\u00f3n Playa Langosta (en el panel de Budget rent a car y la gran pantalla TV publicitaria)<\/span><\/li>\n<li style=\"font-weight: 400;\"><span style=\"font-weight: 400;\">Continuar 150m y girar a la derecha, siguiendo direcci\u00f3n Playa Langosta. Pasar por delante del supermercado 2001<\/span><\/li>\n<li style=\"font-weight: 400;\"><span style=\"font-weight: 400;\">Continuar 180m y tomar la calle a la izquierda justo despu\u00e9s del Bar Kahiki<\/span><\/li>\n<li style=\"font-weight: 400;\"><span style=\"font-weight: 400;\">Continuar 140m y tomar la primera calle a la izquierda<\/span><\/li>\n<li style=\"font-weight: 400;\"><span style=\"font-weight: 400;\">Continuar 50m, llegar hasta la peque\u00f1a rotonda y habr\u00e1n llegado!<\/span><\/li>\n<\/ol>\n<h2>Desde el Aeropuerto Internacional Juan Santamar\u00eda Alajuela San Jos\u00e9 (SJO)<\/h2>\n<p><span style=\"font-weight: 400;\">Trayecto de 246 km de aproximadamente 3h35\u2019 de coche.<\/span><\/p>\n<ol>\n<li style=\"font-weight: 400;\"><span style=\"font-weight: 400;\">A la salida del aeropuerto, tomar la direcci\u00f3n de General Canas Interamerica \/ carretera 1<\/span><\/li>\n<li style=\"font-weight: 400;\"><span style=\"font-weight: 400;\">Continuar por la 1 unos 7,5km, despu\u00e9s tomar la Radial el Coyol a la derecha<\/span><\/li>\n<li style=\"font-weight: 400;\"><span style=\"font-weight: 400;\">Continuar 4km y en la rotonda, tomar la segunda salida direcci\u00f3n la autopista Jos\u00e9 Mar\u00eda Castro Madriz \/ carretera 27<\/span><\/li>\n<li style=\"font-weight: 400;\"><span style=\"font-weight: 400;\">Continuar unos 50 km. Continuar por la carretera 23 durante unos 12 km<\/span><\/li>\n<li style=\"font-weight: 400;\"><span style=\"font-weight: 400;\">Tomar la direcci\u00f3n de Miramar en la carretera 1, hacia Liberia. Atenci\u00f3n!!!! Este tramo de carretera puede resultar peligroso debido al pavimento y a la configuraci\u00f3n del tr\u00e1fico. Sean prudentes y guarden la calma sin olvidar que aqu\u00ed prevalece la ley del m\u00e1s grande.<\/span><\/li>\n<li style=\"font-weight: 400;\"><span style=\"font-weight: 400;\">Continuar 50km y girar a la izquierda en la estaci\u00f3n Shell, direcci\u00f3n Puente de la Amistad Tempisque \/ carretera 18<\/span><\/li>\n<li style=\"font-weight: 400;\"><span style=\"font-weight: 400;\">A partir de aqu\u00ed, la carretera se vuelve agradable. Continuar unos 50 km y girar a la derecha direcci\u00f3n Nicoya, carretera 21<\/span><\/li>\n<li style=\"font-weight: 400;\"><span style=\"font-weight: 400;\">Continuar por la 21 hasta Santa Cruz. Despues del semaforo, continuar todo recto unos 10 metros,pasar el peque\u00f1o puente y girar a la izquierda, direccion Tamarindo \/ carretera 152 hasta Villareal y tomar Tamarindo a la izquierda<\/span><\/li>\n<li style=\"font-weight: 400;\"><span style=\"font-weight: 400;\">En Tamarindo, girar a la izquierda, direcci\u00f3n Playa Langosta (en el panel de Budget rent a car y la gran pantalla TV publicitaria)<\/span><\/li>\n<li style=\"font-weight: 400;\"><span style=\"font-weight: 400;\">Continuar 150m y girar a la derecha, siguiendo direcci\u00f3n Playa Langosta. Pasar por delante del supermercado 2001<\/span><\/li>\n<li style=\"font-weight: 400;\"><span style=\"font-weight: 400;\">Continuar 180m y tomar la calle a la izquierda justo despu\u00e9s del Bar Kahiki<\/span><\/li>\n<li style=\"font-weight: 400;\"><span style=\"font-weight: 400;\">Continuar 140m y tomar la primera calle a la izquierda<\/span><\/li>\n<li style=\"font-weight: 400;\"><span style=\"font-weight: 400;\">Continuar 50m, llegar hasta la peque\u00f1a rotonda y habr\u00e1n llegado!<\/span><\/li>\n<\/ol>\n<p>&nbsp;<\/p>\n<p><em><span style=\"font-weight: 400;\">Les recomendamos el uso de GPS en sus desplazamientos en Costa Rica.<\/span><\/em><\/p>\n","protected":false},"excerpt":{"rendered":"<p>GPS : 10 17&#8242; 43. 71 N \/ 85 50&#8242; 28.93 W Desde el aeropuerto Internacional Daniel Oduber Quiros Liberia (LIR) Trayecto de 65km de aproximadamente una hora de coche. A la salida del aeropuerto, tomar la salida de la carretera 21 Continuar por la 21 durante 30km. Pasaran por los pueblos de Guardia, Comunidad, [&hellip;]<\/p>\n","protected":false},"author":1,"featured_media":0,"parent":0,"menu_order":0,"comment_status":"closed","ping_status":"closed","template":"","meta":{"footnotes":""},"class_list":["post-210","page","type-page","status-publish","hentry"],"yoast_head":"<!-- This site is optimized with the Yoast SEO plugin v26.6 - https:\/\/yoast.com\/wordpress\/plugins\/seo\/ -->\n<title>C\u00f3mo llegar a la Villa Nautilus<\/title>\n<meta name=\"robots\" content=\"index, follow, max-snippet:-1, max-image-preview:large, max-video-preview:-1\" \/>\n<link rel=\"canonical\" href=\"https:\/\/villanautilustamarindo.com\/es\/como-llegar\/\" \/>\n<meta property=\"og:locale\" content=\"es_ES\" \/>\n<meta property=\"og:type\" content=\"article\" \/>\n<meta property=\"og:title\" content=\"C\u00f3mo llegar a la Villa Nautilus\" \/>\n<meta property=\"og:description\" content=\"GPS : 10 17&#8242; 43. 71 N \/ 85 50&#8242; 28.93 W Desde el aeropuerto Internacional Daniel Oduber Quiros Liberia (LIR) Trayecto de 65km de aproximadamente una hora de coche. A la salida del aeropuerto, tomar la salida de la carretera 21 Continuar por la 21 durante 30km. Pasaran por los pueblos de Guardia, Comunidad, [&hellip;]\" \/>\n<meta property=\"og:url\" content=\"https:\/\/villanautilustamarindo.com\/es\/como-llegar\/\" \/>\n<meta property=\"og:site_name\" content=\"Villa Nautilus\" \/>\n<meta property=\"article:publisher\" content=\"https:\/\/www.facebook.com\/VillaNautilusTamarindo\" \/>\n<meta property=\"article:modified_time\" content=\"2016-01-04T20:33:45+00:00\" \/>\n<meta property=\"og:image\" content=\"https:\/\/villanautilustamarindo.com\/wp-content\/uploads\/2015\/12\/slide-1.jpg\" \/>\n<meta name=\"twitter:card\" content=\"summary_large_image\" \/>\n<meta name=\"twitter:label1\" content=\"Tiempo de lectura\" \/>\n\t<meta name=\"twitter:data1\" content=\"2 minutos\" \/>\n<script type=\"application\/ld+json\" class=\"yoast-schema-graph\">{\"@context\":\"https:\/\/schema.org\",\"@graph\":[{\"@type\":\"WebPage\",\"@id\":\"https:\/\/villanautilustamarindo.com\/es\/como-llegar\/\",\"url\":\"https:\/\/villanautilustamarindo.com\/es\/como-llegar\/\",\"name\":\"C\u00f3mo llegar a la Villa Nautilus\",\"isPartOf\":{\"@id\":\"https:\/\/villanautilustamarindo.com\/es\/#website\"},\"datePublished\":\"2015-11-06T01:53:06+00:00\",\"dateModified\":\"2016-01-04T20:33:45+00:00\",\"breadcrumb\":{\"@id\":\"https:\/\/villanautilustamarindo.com\/es\/como-llegar\/#breadcrumb\"},\"inLanguage\":\"es\",\"potentialAction\":[{\"@type\":\"ReadAction\",\"target\":[\"https:\/\/villanautilustamarindo.com\/es\/como-llegar\/\"]}]},{\"@type\":\"BreadcrumbList\",\"@id\":\"https:\/\/villanautilustamarindo.com\/es\/como-llegar\/#breadcrumb\",\"itemListElement\":[{\"@type\":\"ListItem\",\"position\":1,\"name\":\"Accueil\",\"item\":\"https:\/\/villanautilustamarindo.com\/es\/?lang=es\"},{\"@type\":\"ListItem\",\"position\":2,\"name\":\"C\u00f3mo llegar a la Villa Nautilus\"}]},{\"@type\":\"WebSite\",\"@id\":\"https:\/\/villanautilustamarindo.com\/es\/#website\",\"url\":\"https:\/\/villanautilustamarindo.com\/es\/\",\"name\":\"Villa Nautilus\",\"description\":\"\",\"publisher\":{\"@id\":\"https:\/\/villanautilustamarindo.com\/es\/#organization\"},\"potentialAction\":[{\"@type\":\"SearchAction\",\"target\":{\"@type\":\"EntryPoint\",\"urlTemplate\":\"https:\/\/villanautilustamarindo.com\/es\/?s={search_term_string}\"},\"query-input\":{\"@type\":\"PropertyValueSpecification\",\"valueRequired\":true,\"valueName\":\"search_term_string\"}}],\"inLanguage\":\"es\"},{\"@type\":\"Organization\",\"@id\":\"https:\/\/villanautilustamarindo.com\/es\/#organization\",\"name\":\"Villa Nautilus\",\"url\":\"https:\/\/villanautilustamarindo.com\/es\/\",\"logo\":{\"@type\":\"ImageObject\",\"inLanguage\":\"es\",\"@id\":\"https:\/\/villanautilustamarindo.com\/es\/#\/schema\/logo\/image\/\",\"url\":\"https:\/\/villanautilustamarindo.com\/wp-content\/uploads\/2015\/11\/logo-250px.png\",\"contentUrl\":\"https:\/\/villanautilustamarindo.com\/wp-content\/uploads\/2015\/11\/logo-250px.png\",\"width\":250,\"height\":166,\"caption\":\"Villa Nautilus\"},\"image\":{\"@id\":\"https:\/\/villanautilustamarindo.com\/es\/#\/schema\/logo\/image\/\"},\"sameAs\":[\"https:\/\/www.facebook.com\/VillaNautilusTamarindo\"]}]}<\/script>\n<!-- \/ Yoast SEO plugin. -->","yoast_head_json":{"title":"C\u00f3mo llegar a la Villa Nautilus","robots":{"index":"index","follow":"follow","max-snippet":"max-snippet:-1","max-image-preview":"max-image-preview:large","max-video-preview":"max-video-preview:-1"},"canonical":"https:\/\/villanautilustamarindo.com\/es\/como-llegar\/","og_locale":"es_ES","og_type":"article","og_title":"C\u00f3mo llegar a la Villa Nautilus","og_description":"GPS : 10 17&#8242; 43. 71 N \/ 85 50&#8242; 28.93 W Desde el aeropuerto Internacional Daniel Oduber Quiros Liberia (LIR) Trayecto de 65km de aproximadamente una hora de coche. A la salida del aeropuerto, tomar la salida de la carretera 21 Continuar por la 21 durante 30km. Pasaran por los pueblos de Guardia, Comunidad, [&hellip;]","og_url":"https:\/\/villanautilustamarindo.com\/es\/como-llegar\/","og_site_name":"Villa Nautilus","article_publisher":"https:\/\/www.facebook.com\/VillaNautilusTamarindo","article_modified_time":"2016-01-04T20:33:45+00:00","og_image":[{"url":"https:\/\/villanautilustamarindo.com\/wp-content\/uploads\/2015\/12\/slide-1.jpg","type":"","width":"","height":""}],"twitter_card":"summary_large_image","twitter_misc":{"Tiempo de lectura":"2 minutos"},"schema":{"@context":"https:\/\/schema.org","@graph":[{"@type":"WebPage","@id":"https:\/\/villanautilustamarindo.com\/es\/como-llegar\/","url":"https:\/\/villanautilustamarindo.com\/es\/como-llegar\/","name":"C\u00f3mo llegar a la Villa Nautilus","isPartOf":{"@id":"https:\/\/villanautilustamarindo.com\/es\/#website"},"datePublished":"2015-11-06T01:53:06+00:00","dateModified":"2016-01-04T20:33:45+00:00","breadcrumb":{"@id":"https:\/\/villanautilustamarindo.com\/es\/como-llegar\/#breadcrumb"},"inLanguage":"es","potentialAction":[{"@type":"ReadAction","target":["https:\/\/villanautilustamarindo.com\/es\/como-llegar\/"]}]},{"@type":"BreadcrumbList","@id":"https:\/\/villanautilustamarindo.com\/es\/como-llegar\/#breadcrumb","itemListElement":[{"@type":"ListItem","position":1,"name":"Accueil","item":"https:\/\/villanautilustamarindo.com\/es\/?lang=es"},{"@type":"ListItem","position":2,"name":"C\u00f3mo llegar a la Villa Nautilus"}]},{"@type":"WebSite","@id":"https:\/\/villanautilustamarindo.com\/es\/#website","url":"https:\/\/villanautilustamarindo.com\/es\/","name":"Villa Nautilus","description":"","publisher":{"@id":"https:\/\/villanautilustamarindo.com\/es\/#organization"},"potentialAction":[{"@type":"SearchAction","target":{"@type":"EntryPoint","urlTemplate":"https:\/\/villanautilustamarindo.com\/es\/?s={search_term_string}"},"query-input":{"@type":"PropertyValueSpecification","valueRequired":true,"valueName":"search_term_string"}}],"inLanguage":"es"},{"@type":"Organization","@id":"https:\/\/villanautilustamarindo.com\/es\/#organization","name":"Villa Nautilus","url":"https:\/\/villanautilustamarindo.com\/es\/","logo":{"@type":"ImageObject","inLanguage":"es","@id":"https:\/\/villanautilustamarindo.com\/es\/#\/schema\/logo\/image\/","url":"https:\/\/villanautilustamarindo.com\/wp-content\/uploads\/2015\/11\/logo-250px.png","contentUrl":"https:\/\/villanautilustamarindo.com\/wp-content\/uploads\/2015\/11\/logo-250px.png","width":250,"height":166,"caption":"Villa Nautilus"},"image":{"@id":"https:\/\/villanautilustamarindo.com\/es\/#\/schema\/logo\/image\/"},"sameAs":["https:\/\/www.facebook.com\/VillaNautilusTamarindo"]}]}},"_links":{"self":[{"href":"https:\/\/villanautilustamarindo.com\/es\/wp-json\/wp\/v2\/pages\/210","targetHints":{"allow":["GET"]}}],"collection":[{"href":"https:\/\/villanautilustamarindo.com\/es\/wp-json\/wp\/v2\/pages"}],"about":[{"href":"https:\/\/villanautilustamarindo.com\/es\/wp-json\/wp\/v2\/types\/page"}],"author":[{"embeddable":true,"href":"https:\/\/villanautilustamarindo.com\/es\/wp-json\/wp\/v2\/users\/1"}],"replies":[{"embeddable":true,"href":"https:\/\/villanautilustamarindo.com\/es\/wp-json\/wp\/v2\/comments?post=210"}],"version-history":[{"count":8,"href":"https:\/\/villanautilustamarindo.com\/es\/wp-json\/wp\/v2\/pages\/210\/revisions"}],"predecessor-version":[{"id":434,"href":"https:\/\/villanautilustamarindo.com\/es\/wp-json\/wp\/v2\/pages\/210\/revisions\/434"}],"wp:attachment":[{"href":"https:\/\/villanautilustamarindo.com\/es\/wp-json\/wp\/v2\/media?parent=210"}],"curies":[{"name":"wp","href":"https:\/\/api.w.org\/{rel}","templated":true}]}}